{"id":542,"date":"2018-11-27T09:17:28","date_gmt":"2018-11-27T08:17:28","guid":{"rendered":"https:\/\/griferiabeleau.com\/index.php\/services\/"},"modified":"2023-10-29T18:19:38","modified_gmt":"2023-10-29T17:19:38","slug":"blog","status":"publish","type":"page","link":"https:\/\/griferiabeleau.com\/index.php\/blog\/","title":{"rendered":"Blog"},"content":{"rendered":"\t\t<div data-elementor-type=\"wp-post\" data-elementor-id=\"542\" class=\"elementor elementor-542\">\n\t\t\t\t\t\t<section class=\"elementor-section elementor-top-section elementor-element elementor-element-33a79095 elementor-section-boxed elementor-section-height-default elementor-section-height-default elementor-invisible\" data-id=\"33a79095\" data-element_type=\"section\" data-settings=\"{&quot;background_background&quot;:&quot;classic&quot;,&quot;animation&quot;:&quot;fadeInRight&quot;}\">\n\t\t\t\t\t\t\t<div class=\"elementor-background-overlay\"><\/div>\n\t\t\t\t\t\t\t<div class=\"elementor-container elementor-column-gap-default\">\n\t\t\t\t\t<div class=\"elementor-column elementor-col-100 elementor-top-column elementor-element elementor-element-3706530d\" data-id=\"3706530d\" data-element_type=\"column\">\n\t\t\t<div class=\"elementor-widget-wrap\">\n\t\t\t\t\t\t\t<\/div>\n\t\t<\/div>\n\t\t\t\t\t<\/div>\n\t\t<\/section>\n\t\t\t\t<section class=\"elementor-section elementor-top-section elementor-element elementor-element-2dbed9a elementor-section-boxed elementor-section-height-default elementor-section-height-default\" data-id=\"2dbed9a\" data-element_type=\"section\">\n\t\t\t\t\t\t<div class=\"elementor-container elementor-column-gap-default\">\n\t\t\t\t\t<div class=\"elementor-column elementor-col-100 elementor-top-column elementor-element elementor-element-1ca627b\" data-id=\"1ca627b\" data-element_type=\"column\">\n\t\t\t<div class=\"elementor-widget-wrap elementor-element-populated\">\n\t\t\t\t\t\t<div class=\"elementor-element elementor-element-42fd904 elementor-widget elementor-widget-heading\" data-id=\"42fd904\" data-element_type=\"widget\" data-widget_type=\"heading.default\">\n\t\t\t\t<div class=\"elementor-widget-container\">\n\t\t\t\t\t<h2 class=\"elementor-heading-title elementor-size-default\">tips y consejos<\/h2>\t\t\t\t<\/div>\n\t\t\t\t<\/div>\n\t\t\t\t<div class=\"elementor-element elementor-element-432499d elementor-widget-divider--view-line elementor-widget elementor-widget-divider\" data-id=\"432499d\" data-element_type=\"widget\" data-widget_type=\"divider.default\">\n\t\t\t\t<div class=\"elementor-widget-container\">\n\t\t\t\t\t\t\t<div class=\"elementor-divider\">\n\t\t\t<span class=\"elementor-divider-separator\">\n\t\t\t\t\t\t<\/span>\n\t\t<\/div>\n\t\t\t\t\t\t<\/div>\n\t\t\t\t<\/div>\n\t\t\t\t<div class=\"elementor-element elementor-element-8dff22f elementor-widget elementor-widget-text-editor\" data-id=\"8dff22f\" data-element_type=\"widget\" data-widget_type=\"text-editor.default\">\n\t\t\t\t<div class=\"elementor-widget-container\">\n\t\t\t\t\t\t\t\t\t<p>Consejos para mantener tus productos Bel&#8217;Eau en \u00f3ptimas condiciones y disfrutar de su belleza y funcionalidad a lo largo del tiempo.<\/p>\t\t\t\t\t\t\t\t<\/div>\n\t\t\t\t<\/div>\n\t\t\t\t\t<\/div>\n\t\t<\/div>\n\t\t\t\t\t<\/div>\n\t\t<\/section>\n\t\t\t\t<section class=\"elementor-section elementor-inner-section elementor-element elementor-element-d6c60ea elementor-section-boxed elementor-section-height-default elementor-section-height-default\" data-id=\"d6c60ea\" data-element_type=\"section\">\n\t\t\t\t\t\t<div class=\"elementor-container elementor-column-gap-default\">\n\t\t\t\t\t<div class=\"elementor-column elementor-col-50 elementor-inner-column elementor-element elementor-element-f20a204\" data-id=\"f20a204\" data-element_type=\"column\">\n\t\t\t<div class=\"elementor-widget-wrap elementor-element-populated\">\n\t\t\t\t\t\t<div class=\"elementor-element elementor-element-bfd172b elementor-widget elementor-widget-image\" data-id=\"bfd172b\" data-element_type=\"widget\" data-widget_type=\"image.default\">\n\t\t\t\t<div class=\"elementor-widget-container\">\n\t\t\t\t\t\t\t\t\t\t\t\t\t\t\t\t<a href=\"https:\/\/griferiabeleau.com\/index.php\/2023\/10\/02\/consejos-para-escoger-tu-griferia-de-bano\/\">\n\t\t\t\t\t\t\t<img fetchpriority=\"high\" decoding=\"async\" width=\"1024\" height=\"683\" src=\"https:\/\/griferiabeleau.com\/wp-content\/uploads\/2023\/10\/productos-anticaspa-junto-al-lavabo-bano-1024x683.jpg\" class=\"attachment-large size-large wp-image-670\" alt=\"\" srcset=\"https:\/\/griferiabeleau.com\/wp-content\/uploads\/2023\/10\/productos-anticaspa-junto-al-lavabo-bano-1024x683.jpg 1024w, https:\/\/griferiabeleau.com\/wp-content\/uploads\/2023\/10\/productos-anticaspa-junto-al-lavabo-bano-512x341.jpg 512w, https:\/\/griferiabeleau.com\/wp-content\/uploads\/2023\/10\/productos-anticaspa-junto-al-lavabo-bano-300x200.jpg 300w, https:\/\/griferiabeleau.com\/wp-content\/uploads\/2023\/10\/productos-anticaspa-junto-al-lavabo-bano-768x512.jpg 768w, https:\/\/griferiabeleau.com\/wp-content\/uploads\/2023\/10\/productos-anticaspa-junto-al-lavabo-bano.jpg 1500w\" sizes=\"(max-width: 1024px) 100vw, 1024px\" \/>\t\t\t\t\t\t\t\t<\/a>\n\t\t\t\t\t\t\t\t\t\t\t\t\t\t\t<\/div>\n\t\t\t\t<\/div>\n\t\t\t\t<div class=\"elementor-element elementor-element-d0c44fe elementor-widget elementor-widget-image-box\" data-id=\"d0c44fe\" data-element_type=\"widget\" data-widget_type=\"image-box.default\">\n\t\t\t\t<div class=\"elementor-widget-container\">\n\t\t\t\t\t<div class=\"elementor-image-box-wrapper\"><div class=\"elementor-image-box-content\"><h5 class=\"elementor-image-box-title\">CONSEJOS PARA ESCOGER TU GRIFERIA DE BA\u00d1O<\/h5><p class=\"elementor-image-box-description\">Elige la grifer\u00eda de manera correcta.<\/p><\/div><\/div>\t\t\t\t<\/div>\n\t\t\t\t<\/div>\n\t\t\t\t\t<\/div>\n\t\t<\/div>\n\t\t\t\t<div class=\"elementor-column elementor-col-50 elementor-inner-column elementor-element elementor-element-bce40d9\" data-id=\"bce40d9\" data-element_type=\"column\">\n\t\t\t<div class=\"elementor-widget-wrap elementor-element-populated\">\n\t\t\t\t\t\t<div class=\"elementor-element elementor-element-cce00ea elementor-widget elementor-widget-image\" data-id=\"cce00ea\" data-element_type=\"widget\" data-widget_type=\"image.default\">\n\t\t\t\t<div class=\"elementor-widget-container\">\n\t\t\t\t\t\t\t\t\t\t\t\t\t\t\t\t<a href=\"https:\/\/griferiabeleau.com\/index.php\/2023\/10\/02\/como-quitar-la-cal-y-limpiar-de-manera-correcta-tu-griferia\/\">\n\t\t\t\t\t\t\t<img decoding=\"async\" width=\"600\" height=\"400\" src=\"https:\/\/griferiabeleau.com\/wp-content\/uploads\/2023\/10\/limpiar-griferia.jpeg\" class=\"attachment-large size-large wp-image-674\" alt=\"\" srcset=\"https:\/\/griferiabeleau.com\/wp-content\/uploads\/2023\/10\/limpiar-griferia.jpeg 600w, https:\/\/griferiabeleau.com\/wp-content\/uploads\/2023\/10\/limpiar-griferia-512x341.jpeg 512w, https:\/\/griferiabeleau.com\/wp-content\/uploads\/2023\/10\/limpiar-griferia-300x200.jpeg 300w\" sizes=\"(max-width: 600px) 100vw, 600px\" \/>\t\t\t\t\t\t\t\t<\/a>\n\t\t\t\t\t\t\t\t\t\t\t\t\t\t\t<\/div>\n\t\t\t\t<\/div>\n\t\t\t\t<div class=\"elementor-element elementor-element-c17baf9 elementor-widget elementor-widget-image-box\" data-id=\"c17baf9\" data-element_type=\"widget\" data-widget_type=\"image-box.default\">\n\t\t\t\t<div class=\"elementor-widget-container\">\n\t\t\t\t\t<div class=\"elementor-image-box-wrapper\"><div class=\"elementor-image-box-content\"><h5 class=\"elementor-image-box-title\">\u00bfC\u00d3MO QUITAR LA CAL Y LIMPIAR DE MANERA CORRECTA TU GRIFER\u00cdA?<\/h5><p class=\"elementor-image-box-description\">Eliminar la cal y limpiar tu grifer\u00eda es esencial para mantenerla en \u00f3ptimas condiciones. <\/p><\/div><\/div>\t\t\t\t<\/div>\n\t\t\t\t<\/div>\n\t\t\t\t\t<\/div>\n\t\t<\/div>\n\t\t\t\t\t<\/div>\n\t\t<\/section>\n\t\t\t\t<section class=\"elementor-section elementor-inner-section elementor-element elementor-element-3dca23c elementor-section-boxed elementor-section-height-default elementor-section-height-default\" data-id=\"3dca23c\" data-element_type=\"section\">\n\t\t\t\t\t\t<div class=\"elementor-container elementor-column-gap-default\">\n\t\t\t\t\t<div class=\"elementor-column elementor-col-50 elementor-inner-column elementor-element elementor-element-f58b4c4\" data-id=\"f58b4c4\" data-element_type=\"column\">\n\t\t\t<div class=\"elementor-widget-wrap elementor-element-populated\">\n\t\t\t\t\t\t<div class=\"elementor-element elementor-element-d7fa0e3 elementor-widget elementor-widget-image\" data-id=\"d7fa0e3\" data-element_type=\"widget\" data-widget_type=\"image.default\">\n\t\t\t\t<div class=\"elementor-widget-container\">\n\t\t\t\t\t\t\t\t\t\t\t\t\t\t\t\t<a href=\"https:\/\/griferiabeleau.com\/index.php\/2023\/10\/02\/aireadores-tecnologia-de-ahorro-de-agua\/\">\n\t\t\t\t\t\t\t<img decoding=\"async\" width=\"1012\" height=\"547\" src=\"https:\/\/griferiabeleau.com\/wp-content\/uploads\/2023\/10\/aireadores-grifo.jpg\" class=\"attachment-large size-large wp-image-678\" alt=\"\" srcset=\"https:\/\/griferiabeleau.com\/wp-content\/uploads\/2023\/10\/aireadores-grifo.jpg 1012w, https:\/\/griferiabeleau.com\/wp-content\/uploads\/2023\/10\/aireadores-grifo-512x277.jpg 512w, https:\/\/griferiabeleau.com\/wp-content\/uploads\/2023\/10\/aireadores-grifo-300x162.jpg 300w, https:\/\/griferiabeleau.com\/wp-content\/uploads\/2023\/10\/aireadores-grifo-768x415.jpg 768w\" sizes=\"(max-width: 1012px) 100vw, 1012px\" \/>\t\t\t\t\t\t\t\t<\/a>\n\t\t\t\t\t\t\t\t\t\t\t\t\t\t\t<\/div>\n\t\t\t\t<\/div>\n\t\t\t\t<div class=\"elementor-element elementor-element-66bbc4f elementor-widget elementor-widget-image-box\" data-id=\"66bbc4f\" data-element_type=\"widget\" data-widget_type=\"image-box.default\">\n\t\t\t\t<div class=\"elementor-widget-container\">\n\t\t\t\t\t<div class=\"elementor-image-box-wrapper\"><div class=\"elementor-image-box-content\"><h5 class=\"elementor-image-box-title\">AIREADORES: TECNOLOG\u00cdA DE AHORRO DE AGUA<\/h5><p class=\"elementor-image-box-description\">Antes de incorporar una nueva grifer\u00eda a tu cocina o ba\u00f1o debes tener en cuenta los detalles.<\/p><\/div><\/div>\t\t\t\t<\/div>\n\t\t\t\t<\/div>\n\t\t\t\t\t<\/div>\n\t\t<\/div>\n\t\t\t\t<div class=\"elementor-column elementor-col-50 elementor-inner-column elementor-element elementor-element-31ca30b\" data-id=\"31ca30b\" data-element_type=\"column\">\n\t\t\t<div class=\"elementor-widget-wrap elementor-element-populated\">\n\t\t\t\t\t\t<div class=\"elementor-element elementor-element-238cce3 elementor-widget elementor-widget-image\" data-id=\"238cce3\" data-element_type=\"widget\" data-widget_type=\"image.default\">\n\t\t\t\t<div class=\"elementor-widget-container\">\n\t\t\t\t\t\t\t\t\t\t\t\t\t\t\t\t<a href=\"https:\/\/griferiabeleau.com\/index.php\/2023\/10\/02\/beneficios-del-laton-en-griferias-y-accesorios-de-fontaneria\/\">\n\t\t\t\t\t\t\t<img loading=\"lazy\" decoding=\"async\" width=\"696\" height=\"576\" src=\"https:\/\/griferiabeleau.com\/wp-content\/uploads\/2023\/10\/Captura-de-pantalla-2023-10-01-123836.png\" class=\"attachment-large size-large wp-image-683\" alt=\"\" srcset=\"https:\/\/griferiabeleau.com\/wp-content\/uploads\/2023\/10\/Captura-de-pantalla-2023-10-01-123836.png 696w, https:\/\/griferiabeleau.com\/wp-content\/uploads\/2023\/10\/Captura-de-pantalla-2023-10-01-123836-512x424.png 512w, https:\/\/griferiabeleau.com\/wp-content\/uploads\/2023\/10\/Captura-de-pantalla-2023-10-01-123836-300x248.png 300w\" sizes=\"(max-width: 696px) 100vw, 696px\" \/>\t\t\t\t\t\t\t\t<\/a>\n\t\t\t\t\t\t\t\t\t\t\t\t\t\t\t<\/div>\n\t\t\t\t<\/div>\n\t\t\t\t<div class=\"elementor-element elementor-element-00d7c15 elementor-widget elementor-widget-image-box\" data-id=\"00d7c15\" data-element_type=\"widget\" data-widget_type=\"image-box.default\">\n\t\t\t\t<div class=\"elementor-widget-container\">\n\t\t\t\t\t<div class=\"elementor-image-box-wrapper\"><div class=\"elementor-image-box-content\"><h5 class=\"elementor-image-box-title\">BENEFICIOS DEL LAT\u00d3N EN GRIFER\u00cdAS Y ACCESORIOS DE FONTANER\u00cdA<\/h5><p class=\"elementor-image-box-description\">Aqu\u00ed te proporciono algunas caracter\u00edsticas y ventajas de utilizar lat\u00f3n en la fabricaci\u00f3n de grifer\u00edas<\/p><\/div><\/div>\t\t\t\t<\/div>\n\t\t\t\t<\/div>\n\t\t\t\t\t<\/div>\n\t\t<\/div>\n\t\t\t\t\t<\/div>\n\t\t<\/section>\n\t\t<div class=\"elementor-element elementor-element-3dece8d e-flex e-con-boxed e-con e-parent\" data-id=\"3dece8d\" data-element_type=\"container\">\n\t\t\t\t\t<div class=\"e-con-inner\">\n\t\t<div class=\"elementor-element elementor-element-7b8d4a9 e-con-full e-flex e-con e-child\" data-id=\"7b8d4a9\" data-element_type=\"container\">\n\t\t\t\t<div class=\"elementor-element elementor-element-7c3a135 elementor-widget elementor-widget-image\" data-id=\"7c3a135\" data-element_type=\"widget\" data-widget_type=\"image.default\">\n\t\t\t\t<div class=\"elementor-widget-container\">\n\t\t\t\t\t\t\t\t\t\t\t\t\t\t\t\t<a href=\"https:\/\/griferiabeleau.com\/index.php\/2023\/10\/02\/descubre-las-nuevas-tendenciasen-decoracion-de-banos\/\">\n\t\t\t\t\t\t\t<img loading=\"lazy\" decoding=\"async\" width=\"1024\" height=\"633\" src=\"https:\/\/griferiabeleau.com\/wp-content\/uploads\/2023\/10\/Captura-de-pantalla-2023-10-01-235313-1024x633.png\" class=\"attachment-large size-large wp-image-886\" alt=\"\" srcset=\"https:\/\/griferiabeleau.com\/wp-content\/uploads\/2023\/10\/Captura-de-pantalla-2023-10-01-235313-1024x633.png 1024w, https:\/\/griferiabeleau.com\/wp-content\/uploads\/2023\/10\/Captura-de-pantalla-2023-10-01-235313-512x317.png 512w, https:\/\/griferiabeleau.com\/wp-content\/uploads\/2023\/10\/Captura-de-pantalla-2023-10-01-235313-300x185.png 300w, https:\/\/griferiabeleau.com\/wp-content\/uploads\/2023\/10\/Captura-de-pantalla-2023-10-01-235313-768x475.png 768w, https:\/\/griferiabeleau.com\/wp-content\/uploads\/2023\/10\/Captura-de-pantalla-2023-10-01-235313.png 1061w\" sizes=\"(max-width: 1024px) 100vw, 1024px\" \/>\t\t\t\t\t\t\t\t<\/a>\n\t\t\t\t\t\t\t\t\t\t\t\t\t\t\t<\/div>\n\t\t\t\t<\/div>\n\t\t\t\t<div class=\"elementor-element elementor-element-9c2e52f elementor-widget elementor-widget-heading\" data-id=\"9c2e52f\" data-element_type=\"widget\" data-widget_type=\"heading.default\">\n\t\t\t\t<div class=\"elementor-widget-container\">\n\t\t\t\t\t<h2 class=\"elementor-heading-title elementor-size-medium\">DESCUBRE LAS NUEVAS TENDENCIAS EN DECORACI\u00d3N DE BA\u00d1OS 2022<\/h2>\t\t\t\t<\/div>\n\t\t\t\t<\/div>\n\t\t\t\t<\/div>\n\t\t<div class=\"elementor-element elementor-element-1ea63cb e-con-full e-flex e-con e-child\" data-id=\"1ea63cb\" data-element_type=\"container\">\n\t\t\t\t<\/div>\n\t\t\t\t\t<\/div>\n\t\t\t\t<\/div>\n\t\t\t\t<\/div>\n\t\t","protected":false},"excerpt":{"rendered":"<p>tips y consejos Consejos para mantener tus productos Bel&#8217;Eau en \u00f3ptimas condiciones y disfrutar de su belleza y funcionalidad a lo largo del tiempo. CONSEJOS PARA ESCOGER TU GRIFERIA DE BA\u00d1O Elige la grifer\u00eda de manera correcta. \u00bfC\u00d3MO QUITAR LA CAL Y LIMPIAR DE MANERA CORRECTA TU GRIFER\u00cdA? Eliminar la cal y limpiar tu grifer\u00eda &hellip;<\/p>\n<p class=\"read-more\"> <a class=\"\" href=\"https:\/\/griferiabeleau.com\/index.php\/blog\/\"> <span class=\"screen-reader-text\">Blog<\/span> Leer m\u00e1s &raquo;<\/a><\/p>\n","protected":false},"author":1,"featured_media":0,"parent":0,"menu_order":0,"comment_status":"closed","ping_status":"closed","template":"","meta":{"om_disable_all_campaigns":false,"_uag_custom_page_level_css":"","_monsterinsights_skip_tracking":false,"_monsterinsights_sitenote_active":false,"_monsterinsights_sitenote_note":"","_monsterinsights_sitenote_category":0,"site-sidebar-layout":"no-sidebar","site-content-layout":"page-builder","ast-site-content-layout":"full-width-container","site-content-style":"unboxed","site-sidebar-style":"unboxed","ast-global-header-display":"","ast-banner-title-visibility":"","ast-main-header-display":"","ast-hfb-above-header-display":"","ast-hfb-below-header-display":"","ast-hfb-mobile-header-display":"","site-post-title":"disabled","ast-breadcrumbs-content":"","ast-featured-img":"disabled","footer-sml-layout":"","theme-transparent-header-meta":"disabled","adv-header-id-meta":"","stick-header-meta":"","header-above-stick-meta":"","header-main-stick-meta":"","header-below-stick-meta":"","astra-migrate-meta-layouts":"set","_joinchat":[],"footnotes":""},"class_list":["post-542","page","type-page","status-publish","hentry"],"aioseo_notices":[],"uagb_featured_image_src":{"full":false,"thumbnail":false,"medium":false,"medium_large":false,"large":false,"1536x1536":false,"2048x2048":false,"mailpoet_newsletter_max":false,"woocommerce_thumbnail":false,"woocommerce_single":false,"woocommerce_gallery_thumbnail":false},"uagb_author_info":{"display_name":"construcciones.relco","author_link":"https:\/\/griferiabeleau.com\/index.php\/author\/construcciones-relco\/"},"uagb_comment_info":0,"uagb_excerpt":"tips y consejos Consejos para mantener tus productos Bel&#8217;Eau en \u00f3ptimas condiciones y disfrutar de su belleza y funcionalidad a lo largo del tiempo. CONSEJOS PARA ESCOGER TU GRIFERIA DE BA\u00d1O Elige la grifer\u00eda de manera correcta. \u00bfC\u00d3MO QUITAR LA CAL Y LIMPIAR DE MANERA CORRECTA TU GRIFER\u00cdA? Eliminar la cal y limpiar tu grifer\u00eda&hellip;","jetpack_sharing_enabled":true,"_links":{"self":[{"href":"https:\/\/griferiabeleau.com\/index.php\/wp-json\/wp\/v2\/pages\/542","targetHints":{"allow":["GET"]}}],"collection":[{"href":"https:\/\/griferiabeleau.com\/index.php\/wp-json\/wp\/v2\/pages"}],"about":[{"href":"https:\/\/griferiabeleau.com\/index.php\/wp-json\/wp\/v2\/types\/page"}],"author":[{"embeddable":true,"href":"https:\/\/griferiabeleau.com\/index.php\/wp-json\/wp\/v2\/users\/1"}],"replies":[{"embeddable":true,"href":"https:\/\/griferiabeleau.com\/index.php\/wp-json\/wp\/v2\/comments?post=542"}],"version-history":[{"count":38,"href":"https:\/\/griferiabeleau.com\/index.php\/wp-json\/wp\/v2\/pages\/542\/revisions"}],"predecessor-version":[{"id":1346,"href":"https:\/\/griferiabeleau.com\/index.php\/wp-json\/wp\/v2\/pages\/542\/revisions\/1346"}],"wp:attachment":[{"href":"https:\/\/griferiabeleau.com\/index.php\/wp-json\/wp\/v2\/media?parent=542"}],"curies":[{"name":"wp","href":"https:\/\/api.w.org\/{rel}","templated":true}]}}