{"id":1029,"date":"2023-10-07T00:00:42","date_gmt":"2023-10-06T22:00:42","guid":{"rendered":"https:\/\/griferiabeleau.com\/?post_type=product&#038;p=1029"},"modified":"2025-05-23T12:03:21","modified_gmt":"2025-05-23T10:03:21","slug":"mezcladora-de-cocina-ceor-mate","status":"publish","type":"product","link":"https:\/\/griferiabeleau.com\/index.php\/producto\/mezcladora-de-cocina-ceor-mate\/","title":{"rendered":"MEZCLADORA DE COCINA C\u00c9OR MATE"},"content":{"rendered":"<ul class=\"a-unordered-list a-vertical a-spacing-mini\">\n<li class=\"a-spacing-mini\"><span class=\"a-list-item\">Todos los accesorios est\u00e1n fabricados con materiales de alta calidad. Es muy bueno para ahorrar agua y proteger el medio ambiente.<\/span><\/li>\n<li>V\u00e1lvula de alta calidad en el grifo de la cocina, que puede realizar 1 mill\u00f3n de inspecciones y es muy f\u00e1cil de instalar. Incluso un novato puede obtener un acabado de alta calidad.<\/li>\n<\/ul>\n","protected":false},"excerpt":{"rendered":"<p><a class=\"mb-button mb-style-traditional mb-size-default mb-corners-default mb-text-style-default \" style=\"background-color: #2175bb;\" href=\"https:\/\/griferiabeleau.com\/wp-content\/uploads\/2024\/07\/FICHA-TECNICA-MEZCLADORA-DE-COCINA-CEOR-.pdf\">Ficha T\u00e9cnica<\/a><\/p>\n<p>Grifo de agua Fr\u00eda y caliente<\/p>\n","protected":false},"featured_media":1689,"comment_status":"open","ping_status":"closed","template":"","meta":{"om_disable_all_campaigns":false,"_uag_custom_page_level_css":"","_monsterinsights_skip_tracking":false,"_monsterinsights_sitenote_active":false,"_monsterinsights_sitenote_note":"","_monsterinsights_sitenote_category":0,"site-sidebar-layout":"default","site-content-layout":"","ast-site-content-layout":"default","site-content-style":"default","site-sidebar-style":"default","ast-global-header-display":"","ast-banner-title-visibility":"","ast-main-header-display":"","ast-hfb-above-header-display":"","ast-hfb-below-header-display":"","ast-hfb-mobile-header-display":"","site-post-title":"","ast-breadcrumbs-content":"","ast-featured-img":"","footer-sml-layout":"","theme-transparent-header-meta":"default","adv-header-id-meta":"","stick-header-meta":"","header-above-stick-meta":"","header-main-stick-meta":"","header-below-stick-meta":"","astra-migrate-meta-layouts":"set","_joinchat":[]},"product_brand":[],"product_cat":[23,22],"product_tag":[],"class_list":{"0":"post-1029","1":"product","2":"type-product","3":"status-publish","4":"has-post-thumbnail","6":"product_cat-cocina","7":"product_cat-mezcladora","8":"desktop-align-center","9":"tablet-align-left","10":"mobile-align-left","12":"first","13":"instock","14":"taxable","15":"shipping-taxable","16":"purchasable","17":"product-type-simple"},"aioseo_notices":[],"uagb_featured_image_src":{"full":["https:\/\/griferiabeleau.com\/wp-content\/uploads\/2023\/10\/ceor-mate-web.jpg",1080,1350,false],"thumbnail":["https:\/\/griferiabeleau.com\/wp-content\/uploads\/2023\/10\/ceor-mate-web-150x150.jpg",150,150,true],"medium":["https:\/\/griferiabeleau.com\/wp-content\/uploads\/2023\/10\/ceor-mate-web-240x300.jpg",240,300,true],"medium_large":["https:\/\/griferiabeleau.com\/wp-content\/uploads\/2023\/10\/ceor-mate-web-768x960.jpg",768,960,true],"large":["https:\/\/griferiabeleau.com\/wp-content\/uploads\/2023\/10\/ceor-mate-web-819x1024.jpg",819,1024,true],"1536x1536":["https:\/\/griferiabeleau.com\/wp-content\/uploads\/2023\/10\/ceor-mate-web.jpg",1080,1350,false],"2048x2048":["https:\/\/griferiabeleau.com\/wp-content\/uploads\/2023\/10\/ceor-mate-web.jpg",1080,1350,false],"mailpoet_newsletter_max":["https:\/\/griferiabeleau.com\/wp-content\/uploads\/2023\/10\/ceor-mate-web.jpg",1080,1350,false],"woocommerce_thumbnail":["https:\/\/griferiabeleau.com\/wp-content\/uploads\/2023\/10\/ceor-mate-web-300x375.jpg",300,375,true],"woocommerce_single":["https:\/\/griferiabeleau.com\/wp-content\/uploads\/2023\/10\/ceor-mate-web-512x640.jpg",512,640,true],"woocommerce_gallery_thumbnail":["https:\/\/griferiabeleau.com\/wp-content\/uploads\/2023\/10\/ceor-mate-web-100x100.jpg",100,100,true]},"uagb_author_info":{"display_name":"construcciones.relco","author_link":"https:\/\/griferiabeleau.com\/index.php\/author\/"},"uagb_comment_info":1,"uagb_excerpt":"Ficha T\u00e9cnica Grifo de agua Fr\u00eda y caliente","jetpack_sharing_enabled":true,"_links":{"self":[{"href":"https:\/\/griferiabeleau.com\/index.php\/wp-json\/wp\/v2\/product\/1029","targetHints":{"allow":["GET"]}}],"collection":[{"href":"https:\/\/griferiabeleau.com\/index.php\/wp-json\/wp\/v2\/product"}],"about":[{"href":"https:\/\/griferiabeleau.com\/index.php\/wp-json\/wp\/v2\/types\/product"}],"replies":[{"embeddable":true,"href":"https:\/\/griferiabeleau.com\/index.php\/wp-json\/wp\/v2\/comments?post=1029"}],"wp:featuredmedia":[{"embeddable":true,"href":"https:\/\/griferiabeleau.com\/index.php\/wp-json\/wp\/v2\/media\/1689"}],"wp:attachment":[{"href":"https:\/\/griferiabeleau.com\/index.php\/wp-json\/wp\/v2\/media?parent=1029"}],"wp:term":[{"taxonomy":"product_brand","embeddable":true,"href":"https:\/\/griferiabeleau.com\/index.php\/wp-json\/wp\/v2\/product_brand?post=1029"},{"taxonomy":"product_cat","embeddable":true,"href":"https:\/\/griferiabeleau.com\/index.php\/wp-json\/wp\/v2\/product_cat?post=1029"},{"taxonomy":"product_tag","embeddable":true,"href":"https:\/\/griferiabeleau.com\/index.php\/wp-json\/wp\/v2\/product_tag?post=1029"}],"curies":[{"name":"wp","href":"https:\/\/api.w.org\/{rel}","templated":true}]}}