{"id":1037,"date":"2023-10-07T23:12:06","date_gmt":"2023-10-07T21:12:06","guid":{"rendered":"https:\/\/griferiabeleau.com\/?post_type=product&#038;p=1037"},"modified":"2024-07-16T23:31:26","modified_gmt":"2024-07-16T21:31:26","slug":"mezcladora-de-cocina-pared-ouche","status":"publish","type":"product","link":"https:\/\/griferiabeleau.com\/index.php\/producto\/mezcladora-de-cocina-pared-ouche\/","title":{"rendered":"MEZCLADORA DE COCINA PARED OUCHE"},"content":{"rendered":"<p>Transforma tu experiencia en la cocina con la prestigiosa grifer\u00eda BEL&#8217;EAU, una marca reconocida por su calidad y estilo inigualables. Estas mezcladoras de agua fr\u00eda y caliente son la combinaci\u00f3n perfecta de dise\u00f1o sofisticado y funcionalidad excepcional.<\/p>\n<p><strong>Caracter\u00edsticas Destacadas:<\/strong><\/p>\n<ol>\n<li>Materiales de Primera Calidad: Cada grifo BEL&#8217;EAU est\u00e1 elaborado con una cuidadosa selecci\u00f3n de aleaciones de cobre, sing y acero inoxidable, garantizando una durabilidad excepcional y resistencia a la corrosi\u00f3n.<\/li>\n<li>Dise\u00f1o Franc\u00e9s Exquisito: Inspirados en la elegancia cl\u00e1sica y la precisi\u00f3n caracter\u00edstica del dise\u00f1o franc\u00e9s, los grifos BEL&#8217;EAU se integran perfectamente en cualquier estilo de cocina, a\u00f1adiendo un toque de sofisticaci\u00f3n a tu espacio.<\/li>\n<li>Funcionalidad sin Compromisos: Con un mecanismo de mezcla preciso, controlar la temperatura y el flujo del agua nunca ha sido tan sencillo. Experimenta un manejo suave y confiable cada vez que lo utilices.<\/li>\n<li>Garant\u00eda de Calidad: Confiamos plenamente en la excelencia de nuestros productos. Por eso, cada grifo BEL&#8217;EAU viene respaldado por una garant\u00eda de dos a\u00f1os contra cualquier desperfecto de fabricaci\u00f3n.<\/li>\n<\/ol>\n<p><strong>Eleva tu Experiencia en la Cocina con BEL&#8217;EAU<\/strong><\/p>\n<p>Dale a tu cocina el toque de distinci\u00f3n que se merece con la grifer\u00eda BEL&#8217;EAU. Disfruta de la combinaci\u00f3n perfecta entre belleza, calidad y funcionalidad en cada detalle. Descubre el lujo de cocinar con BEL&#8217;EAU.<\/p>\n","protected":false},"excerpt":{"rendered":"<p><a class=\"mb-button mb-style-traditional mb-size-default mb-corners-default mb-text-style-default \" style=\"background-color: #2175bb;\" href=\"https:\/\/griferiabeleau.com\/wp-content\/uploads\/2024\/07\/FICHA-TECNICA-MEZCLADORA-DE-COCINA-OUCHE.pdf\">Ficha T\u00e9cnica<\/a><\/p>\n<p>Mezcladora de pared para cocina de agua fr\u00eda y caliente<\/p>\n","protected":false},"featured_media":1692,"comment_status":"open","ping_status":"closed","template":"","meta":{"om_disable_all_campaigns":false,"_uag_custom_page_level_css":"","_monsterinsights_skip_tracking":false,"_monsterinsights_sitenote_active":false,"_monsterinsights_sitenote_note":"","_monsterinsights_sitenote_category":0,"site-sidebar-layout":"default","site-content-layout":"","ast-site-content-layout":"default","site-content-style":"default","site-sidebar-style":"default","ast-global-header-display":"","ast-banner-title-visibility":"","ast-main-header-display":"","ast-hfb-above-header-display":"","ast-hfb-below-header-display":"","ast-hfb-mobile-header-display":"","site-post-title":"","ast-breadcrumbs-content":"","ast-featured-img":"","footer-sml-layout":"","theme-transparent-header-meta":"default","adv-header-id-meta":"","stick-header-meta":"","header-above-stick-meta":"","header-main-stick-meta":"","header-below-stick-meta":"","astra-migrate-meta-layouts":"set","_joinchat":[]},"product_brand":[],"product_cat":[23,22],"product_tag":[],"class_list":{"0":"post-1037","1":"product","2":"type-product","3":"status-publish","4":"has-post-thumbnail","6":"product_cat-cocina","7":"product_cat-mezcladora","8":"desktop-align-center","9":"tablet-align-left","10":"mobile-align-left","12":"first","13":"instock","14":"taxable","15":"shipping-taxable","16":"purchasable","17":"product-type-simple"},"aioseo_notices":[],"uagb_featured_image_src":{"full":["https:\/\/griferiabeleau.com\/wp-content\/uploads\/2023\/10\/ouche-WEB.jpg",1080,1350,false],"thumbnail":["https:\/\/griferiabeleau.com\/wp-content\/uploads\/2023\/10\/ouche-WEB-150x150.jpg",150,150,true],"medium":["https:\/\/griferiabeleau.com\/wp-content\/uploads\/2023\/10\/ouche-WEB-240x300.jpg",240,300,true],"medium_large":["https:\/\/griferiabeleau.com\/wp-content\/uploads\/2023\/10\/ouche-WEB-768x960.jpg",768,960,true],"large":["https:\/\/griferiabeleau.com\/wp-content\/uploads\/2023\/10\/ouche-WEB-819x1024.jpg",819,1024,true],"1536x1536":["https:\/\/griferiabeleau.com\/wp-content\/uploads\/2023\/10\/ouche-WEB.jpg",1080,1350,false],"2048x2048":["https:\/\/griferiabeleau.com\/wp-content\/uploads\/2023\/10\/ouche-WEB.jpg",1080,1350,false],"mailpoet_newsletter_max":["https:\/\/griferiabeleau.com\/wp-content\/uploads\/2023\/10\/ouche-WEB.jpg",1080,1350,false],"woocommerce_thumbnail":["https:\/\/griferiabeleau.com\/wp-content\/uploads\/2023\/10\/ouche-WEB-300x375.jpg",300,375,true],"woocommerce_single":["https:\/\/griferiabeleau.com\/wp-content\/uploads\/2023\/10\/ouche-WEB-512x640.jpg",512,640,true],"woocommerce_gallery_thumbnail":["https:\/\/griferiabeleau.com\/wp-content\/uploads\/2023\/10\/ouche-WEB-100x100.jpg",100,100,true]},"uagb_author_info":{"display_name":"construcciones.relco","author_link":"https:\/\/griferiabeleau.com\/index.php\/author\/"},"uagb_comment_info":0,"uagb_excerpt":"Ficha T\u00e9cnica Mezcladora de pared para cocina de agua fr\u00eda y caliente","jetpack_sharing_enabled":true,"_links":{"self":[{"href":"https:\/\/griferiabeleau.com\/index.php\/wp-json\/wp\/v2\/product\/1037","targetHints":{"allow":["GET"]}}],"collection":[{"href":"https:\/\/griferiabeleau.com\/index.php\/wp-json\/wp\/v2\/product"}],"about":[{"href":"https:\/\/griferiabeleau.com\/index.php\/wp-json\/wp\/v2\/types\/product"}],"replies":[{"embeddable":true,"href":"https:\/\/griferiabeleau.com\/index.php\/wp-json\/wp\/v2\/comments?post=1037"}],"wp:featuredmedia":[{"embeddable":true,"href":"https:\/\/griferiabeleau.com\/index.php\/wp-json\/wp\/v2\/media\/1692"}],"wp:attachment":[{"href":"https:\/\/griferiabeleau.com\/index.php\/wp-json\/wp\/v2\/media?parent=1037"}],"wp:term":[{"taxonomy":"product_brand","embeddable":true,"href":"https:\/\/griferiabeleau.com\/index.php\/wp-json\/wp\/v2\/product_brand?post=1037"},{"taxonomy":"product_cat","embeddable":true,"href":"https:\/\/griferiabeleau.com\/index.php\/wp-json\/wp\/v2\/product_cat?post=1037"},{"taxonomy":"product_tag","embeddable":true,"href":"https:\/\/griferiabeleau.com\/index.php\/wp-json\/wp\/v2\/product_tag?post=1037"}],"curies":[{"name":"wp","href":"https:\/\/api.w.org\/{rel}","templated":true}]}}