{"id":1098,"date":"2023-10-10T05:27:48","date_gmt":"2023-10-10T03:27:48","guid":{"rendered":"https:\/\/griferiabeleau.com\/?post_type=product&#038;p=1098"},"modified":"2024-07-17T03:40:43","modified_gmt":"2024-07-17T01:40:43","slug":"mezcladora-de-bano-ruan-lavamanos-negro","status":"publish","type":"product","link":"https:\/\/griferiabeleau.com\/index.php\/producto\/mezcladora-de-bano-ruan-lavamanos-negro\/","title":{"rendered":"MEZCLADORA DE BA\u00d1O RUAN LAVAMANOS NEGRO"},"content":{"rendered":"<p><strong>Sum\u00e9rgete en el Lujo con las Mezcladoras de Ba\u00f1o BEL&#8217;EAU: Elegancia y Funcionalidad en Cada Detalle<\/strong><\/p>\n<p>Transforma tu experiencia en el ba\u00f1o con la mezcladora de ba\u00f1o BEL&#8217;EAU, una marca francesa que personifica la sofisticaci\u00f3n y la funcionalidad superior. Estas mezcladoras son la fusi\u00f3n perfecta de dise\u00f1o art\u00edstico y rendimiento sin igual.<\/p>\n<p><strong>Caracter\u00edsticas Destacadas:<\/strong><\/p>\n<ol>\n<li>Arte en la Funci\u00f3n: Cada mezcladora BEL&#8217;EAU es una obra maestra de dise\u00f1o, combinando l\u00edneas elegantes y curvas suaves para crear una pieza que no solo es funcional, sino tambi\u00e9n una obra de arte para tu ba\u00f1o.<\/li>\n<li>Calidad Inigualable: Fabricadas con aleaciones de cobre, zinc y acero inoxidable de la m\u00e1s alta calidad, nuestras mezcladoras est\u00e1n dise\u00f1adas para resistir el paso del tiempo y mantener su rendimiento \u00f3ptimo, incluso en condiciones de uso intensivo.<\/li>\n<li>Control Preciso de la Temperatura: Gracias a su mecanismo de mezcla de vanguardia, ajustar la temperatura del agua es un proceso suave y preciso. Disfruta de una experiencia de ba\u00f1o confortable y segura en todo momento.<\/li>\n<li>Garant\u00eda de Durabilidad: Respaldamos la calidad de nuestras mezcladoras con una garant\u00eda de dos a\u00f1os contra cualquier posible defecto de fabricaci\u00f3n, brind\u00e1ndote tranquilidad y confianza en tu inversi\u00f3n.<\/li>\n<\/ol>\n","protected":false},"excerpt":{"rendered":"<p><a class=\"mb-button mb-style-traditional mb-size-default mb-corners-default mb-text-style-default \" style=\"background-color: #2175bb;\" href=\"https:\/\/griferiabeleau.com\/wp-content\/uploads\/2024\/07\/FICHA-TECNICA-MEZLADORA-DE-BANO-RUAN-.pdf\">Ficha T\u00e9cnica<\/a><\/p>\n<p>Mezcladora de ba\u00f1o.<\/p>\n","protected":false},"featured_media":1696,"comment_status":"open","ping_status":"closed","template":"","meta":{"om_disable_all_campaigns":false,"_uag_custom_page_level_css":"","_monsterinsights_skip_tracking":false,"_monsterinsights_sitenote_active":false,"_monsterinsights_sitenote_note":"","_monsterinsights_sitenote_category":0,"site-sidebar-layout":"default","site-content-layout":"","ast-site-content-layout":"default","site-content-style":"default","site-sidebar-style":"default","ast-global-header-display":"","ast-banner-title-visibility":"","ast-main-header-display":"","ast-hfb-above-header-display":"","ast-hfb-below-header-display":"","ast-hfb-mobile-header-display":"","site-post-title":"","ast-breadcrumbs-content":"","ast-featured-img":"","footer-sml-layout":"","theme-transparent-header-meta":"default","adv-header-id-meta":"","stick-header-meta":"","header-above-stick-meta":"","header-main-stick-meta":"","header-below-stick-meta":"","astra-migrate-meta-layouts":"set","_joinchat":[]},"product_brand":[],"product_cat":[26,22],"product_tag":[],"class_list":{"0":"post-1098","1":"product","2":"type-product","3":"status-publish","4":"has-post-thumbnail","6":"product_cat-bano","7":"product_cat-mezcladora","8":"desktop-align-center","9":"tablet-align-left","10":"mobile-align-left","12":"first","13":"instock","14":"taxable","15":"shipping-taxable","16":"purchasable","17":"product-type-simple"},"aioseo_notices":[],"uagb_featured_image_src":{"full":["https:\/\/griferiabeleau.com\/wp-content\/uploads\/2024\/07\/ruan-negra-WEB.jpg",1080,1350,false],"thumbnail":["https:\/\/griferiabeleau.com\/wp-content\/uploads\/2024\/07\/ruan-negra-WEB-150x150.jpg",150,150,true],"medium":["https:\/\/griferiabeleau.com\/wp-content\/uploads\/2024\/07\/ruan-negra-WEB-240x300.jpg",240,300,true],"medium_large":["https:\/\/griferiabeleau.com\/wp-content\/uploads\/2024\/07\/ruan-negra-WEB-768x960.jpg",768,960,true],"large":["https:\/\/griferiabeleau.com\/wp-content\/uploads\/2024\/07\/ruan-negra-WEB-819x1024.jpg",819,1024,true],"1536x1536":["https:\/\/griferiabeleau.com\/wp-content\/uploads\/2024\/07\/ruan-negra-WEB.jpg",1080,1350,false],"2048x2048":["https:\/\/griferiabeleau.com\/wp-content\/uploads\/2024\/07\/ruan-negra-WEB.jpg",1080,1350,false],"mailpoet_newsletter_max":["https:\/\/griferiabeleau.com\/wp-content\/uploads\/2024\/07\/ruan-negra-WEB.jpg",1080,1350,false],"woocommerce_thumbnail":["https:\/\/griferiabeleau.com\/wp-content\/uploads\/2024\/07\/ruan-negra-WEB-300x375.jpg",300,375,true],"woocommerce_single":["https:\/\/griferiabeleau.com\/wp-content\/uploads\/2024\/07\/ruan-negra-WEB-512x640.jpg",512,640,true],"woocommerce_gallery_thumbnail":["https:\/\/griferiabeleau.com\/wp-content\/uploads\/2024\/07\/ruan-negra-WEB-100x100.jpg",100,100,true]},"uagb_author_info":{"display_name":"construcciones.relco","author_link":"https:\/\/griferiabeleau.com\/index.php\/author\/"},"uagb_comment_info":0,"uagb_excerpt":"Ficha T\u00e9cnica Mezcladora de ba\u00f1o.","jetpack_sharing_enabled":true,"_links":{"self":[{"href":"https:\/\/griferiabeleau.com\/index.php\/wp-json\/wp\/v2\/product\/1098","targetHints":{"allow":["GET"]}}],"collection":[{"href":"https:\/\/griferiabeleau.com\/index.php\/wp-json\/wp\/v2\/product"}],"about":[{"href":"https:\/\/griferiabeleau.com\/index.php\/wp-json\/wp\/v2\/types\/product"}],"replies":[{"embeddable":true,"href":"https:\/\/griferiabeleau.com\/index.php\/wp-json\/wp\/v2\/comments?post=1098"}],"wp:featuredmedia":[{"embeddable":true,"href":"https:\/\/griferiabeleau.com\/index.php\/wp-json\/wp\/v2\/media\/1696"}],"wp:attachment":[{"href":"https:\/\/griferiabeleau.com\/index.php\/wp-json\/wp\/v2\/media?parent=1098"}],"wp:term":[{"taxonomy":"product_brand","embeddable":true,"href":"https:\/\/griferiabeleau.com\/index.php\/wp-json\/wp\/v2\/product_brand?post=1098"},{"taxonomy":"product_cat","embeddable":true,"href":"https:\/\/griferiabeleau.com\/index.php\/wp-json\/wp\/v2\/product_cat?post=1098"},{"taxonomy":"product_tag","embeddable":true,"href":"https:\/\/griferiabeleau.com\/index.php\/wp-json\/wp\/v2\/product_tag?post=1098"}],"curies":[{"name":"wp","href":"https:\/\/api.w.org\/{rel}","templated":true}]}}