{"id":1193,"date":"2023-10-14T00:33:21","date_gmt":"2023-10-13T22:33:21","guid":{"rendered":"https:\/\/griferiabeleau.com\/?post_type=product&#038;p=1193"},"modified":"2025-04-29T20:55:27","modified_gmt":"2025-04-29T18:55:27","slug":"combo-mezcladora-monomando-niza-cabeza-super-slim-y-brazo-de-ducha-pared-mouches-negro","status":"publish","type":"product","link":"https:\/\/griferiabeleau.com\/index.php\/producto\/combo-mezcladora-monomando-niza-cabeza-super-slim-y-brazo-de-ducha-pared-mouches-negro\/","title":{"rendered":"COMBO MEZCLADORA MONOMANDO NIZA, CABEZA SUPER SLIM Y BRAZO DE DUCHA PARED MOUCHES NEGRO"},"content":{"rendered":"<p>Nuestra ducha monomando es mucho m\u00e1s que una simple pieza de ba\u00f1o, es una declaraci\u00f3n de estilo y calidad. Con su dise\u00f1o de mezcladora de pared en negro mate, transforma tu espacio en un santuario de relajaci\u00f3n y elegancia.<\/p>\n<p><strong>Caracter\u00edsticas destacadas:<\/strong><\/p>\n<p>\u2705 Control monomando para una experiencia de ducha personalizada y c\u00f3moda.<\/p>\n<p>\u2705 Mezcladora de pared en un elegante acabado negro mate que a\u00f1ade un toque de modernidad y sofisticaci\u00f3n.<\/p>\n<p>\u2705 Regadera de alta calidad para una experiencia de ducha indulgente y relajante.<\/p>\n<p>\u2705 Construcci\u00f3n duradera que garantiza una larga vida \u00fatil.<\/p>\n<p>Eleva tu rutina diaria con BEL&#8217;EAU y disfruta de la combinaci\u00f3n perfecta de estilo y funcionalidad en tu ba\u00f1o. \ud83c\udf0a\ud83d\udec1<\/p>\n<p>\u00bfListo para experimentar el lujo en cada ducha? \u00a1Env\u00edanos un mensaje ahora para obtener m\u00e1s detalles y adquirir la ducha monomando de pared de BEL&#8217;EAU! \ud83d\ude80\ud83d\udeb0<\/p>\n","protected":false},"excerpt":{"rendered":"<p><a class=\"mb-button mb-style-traditional mb-size-default mb-corners-default mb-text-style-default \" style=\"background-color: #2d4a80;\" href=\"https:\/\/griferiabeleau.com\/wp-content\/uploads\/2024\/07\/FICHA-TECNICA-DUCHA-NIZA-.pdf\">Ficha T\u00e9cnica<\/a><\/p>\n<p>Ducha m\u00e1s mezcladora monomando de pared acabado negro mate.<\/p>\n","protected":false},"featured_media":1876,"comment_status":"open","ping_status":"closed","template":"","meta":{"om_disable_all_campaigns":false,"_uag_custom_page_level_css":"","_monsterinsights_skip_tracking":false,"_monsterinsights_sitenote_active":false,"_monsterinsights_sitenote_note":"","_monsterinsights_sitenote_category":0,"site-sidebar-layout":"default","site-content-layout":"","ast-site-content-layout":"default","site-content-style":"default","site-sidebar-style":"default","ast-global-header-display":"","ast-banner-title-visibility":"","ast-main-header-display":"","ast-hfb-above-header-display":"","ast-hfb-below-header-display":"","ast-hfb-mobile-header-display":"","site-post-title":"","ast-breadcrumbs-content":"","ast-featured-img":"","footer-sml-layout":"","theme-transparent-header-meta":"default","adv-header-id-meta":"","stick-header-meta":"","header-above-stick-meta":"","header-main-stick-meta":"","header-below-stick-meta":"","astra-migrate-meta-layouts":"set","_joinchat":[]},"product_brand":[],"product_cat":[27],"product_tag":[],"class_list":{"0":"post-1193","1":"product","2":"type-product","3":"status-publish","4":"has-post-thumbnail","6":"product_cat-duchas","7":"desktop-align-center","8":"tablet-align-left","9":"mobile-align-left","11":"first","12":"instock","13":"taxable","14":"shipping-taxable","15":"purchasable","16":"product-type-simple"},"aioseo_notices":[],"uagb_featured_image_src":{"full":["https:\/\/griferiabeleau.com\/wp-content\/uploads\/2023\/10\/griferia-de-dicha-web-scaled.jpg",2048,2560,false],"thumbnail":["https:\/\/griferiabeleau.com\/wp-content\/uploads\/2023\/10\/griferia-de-dicha-web-150x150.jpg",150,150,true],"medium":["https:\/\/griferiabeleau.com\/wp-content\/uploads\/2023\/10\/griferia-de-dicha-web-240x300.jpg",240,300,true],"medium_large":["https:\/\/griferiabeleau.com\/wp-content\/uploads\/2023\/10\/griferia-de-dicha-web-768x960.jpg",768,960,true],"large":["https:\/\/griferiabeleau.com\/wp-content\/uploads\/2023\/10\/griferia-de-dicha-web-819x1024.jpg",819,1024,true],"1536x1536":["https:\/\/griferiabeleau.com\/wp-content\/uploads\/2023\/10\/griferia-de-dicha-web-1229x1536.jpg",1229,1536,true],"2048x2048":["https:\/\/griferiabeleau.com\/wp-content\/uploads\/2023\/10\/griferia-de-dicha-web-1638x2048.jpg",1638,2048,true],"mailpoet_newsletter_max":["https:\/\/griferiabeleau.com\/wp-content\/uploads\/2023\/10\/griferia-de-dicha-web-1320x1650.jpg",1320,1650,true],"woocommerce_thumbnail":["https:\/\/griferiabeleau.com\/wp-content\/uploads\/2023\/10\/griferia-de-dicha-web-300x375.jpg",300,375,true],"woocommerce_single":["https:\/\/griferiabeleau.com\/wp-content\/uploads\/2023\/10\/griferia-de-dicha-web-512x640.jpg",512,640,true],"woocommerce_gallery_thumbnail":["https:\/\/griferiabeleau.com\/wp-content\/uploads\/2023\/10\/griferia-de-dicha-web-100x100.jpg",100,100,true]},"uagb_author_info":{"display_name":"construcciones.relco","author_link":"https:\/\/griferiabeleau.com\/index.php\/author\/"},"uagb_comment_info":0,"uagb_excerpt":"Ficha T\u00e9cnica Ducha m\u00e1s mezcladora monomando de pared acabado negro mate.","jetpack_sharing_enabled":true,"_links":{"self":[{"href":"https:\/\/griferiabeleau.com\/index.php\/wp-json\/wp\/v2\/product\/1193","targetHints":{"allow":["GET"]}}],"collection":[{"href":"https:\/\/griferiabeleau.com\/index.php\/wp-json\/wp\/v2\/product"}],"about":[{"href":"https:\/\/griferiabeleau.com\/index.php\/wp-json\/wp\/v2\/types\/product"}],"replies":[{"embeddable":true,"href":"https:\/\/griferiabeleau.com\/index.php\/wp-json\/wp\/v2\/comments?post=1193"}],"wp:featuredmedia":[{"embeddable":true,"href":"https:\/\/griferiabeleau.com\/index.php\/wp-json\/wp\/v2\/media\/1876"}],"wp:attachment":[{"href":"https:\/\/griferiabeleau.com\/index.php\/wp-json\/wp\/v2\/media?parent=1193"}],"wp:term":[{"taxonomy":"product_brand","embeddable":true,"href":"https:\/\/griferiabeleau.com\/index.php\/wp-json\/wp\/v2\/product_brand?post=1193"},{"taxonomy":"product_cat","embeddable":true,"href":"https:\/\/griferiabeleau.com\/index.php\/wp-json\/wp\/v2\/product_cat?post=1193"},{"taxonomy":"product_tag","embeddable":true,"href":"https:\/\/griferiabeleau.com\/index.php\/wp-json\/wp\/v2\/product_tag?post=1193"}],"curies":[{"name":"wp","href":"https:\/\/api.w.org\/{rel}","templated":true}]}}