{"id":1353,"date":"2023-10-29T18:27:07","date_gmt":"2023-10-29T17:27:07","guid":{"rendered":"https:\/\/griferiabeleau.com\/index.php\/producto\/llave-de-urinario-manual-rueda-mate\/"},"modified":"2024-07-16T23:31:44","modified_gmt":"2024-07-16T21:31:44","slug":"llave-de-urinario-manual-rueda-mate","status":"publish","type":"product","link":"https:\/\/griferiabeleau.com\/index.php\/producto\/llave-de-urinario-manual-rueda-mate\/","title":{"rendered":"LLAVE DE URINARIO MANUAL RUEDA MATE"},"content":{"rendered":"","protected":false},"excerpt":{"rendered":"<p><a class=\"mb-button mb-style-traditional mb-size-default mb-corners-default mb-text-style-default \" style=\"background-color: #2d4a80;\" href=\"https:\/\/griferiabeleau.com\/wp-content\/uploads\/2024\/07\/FICHA-TECNICA-LLAVE-DE-URINARIO-DE-RUEDA.pdf\">Ficha T\u00e9cnica<\/a><\/p>\n<p>Preserva la tradici\u00f3n con nuestra llave de urinario de manija. Este modelo ofrece un control m\u00e1s cl\u00e1sico, ideal para aquellos que prefieren una opci\u00f3n m\u00e1s familiar.<\/p>\n","protected":false},"featured_media":1280,"comment_status":"open","ping_status":"closed","template":"","meta":{"om_disable_all_campaigns":false,"_uag_custom_page_level_css":"","_monsterinsights_skip_tracking":false,"_monsterinsights_sitenote_active":false,"_monsterinsights_sitenote_note":"","_monsterinsights_sitenote_category":0,"site-sidebar-layout":"default","site-content-layout":"","ast-site-content-layout":"default","site-content-style":"default","site-sidebar-style":"default","ast-global-header-display":"","ast-banner-title-visibility":"","ast-main-header-display":"","ast-hfb-above-header-display":"","ast-hfb-below-header-display":"","ast-hfb-mobile-header-display":"","site-post-title":"","ast-breadcrumbs-content":"","ast-featured-img":"","footer-sml-layout":"","theme-transparent-header-meta":"default","adv-header-id-meta":"","stick-header-meta":"","header-above-stick-meta":"","header-main-stick-meta":"","header-below-stick-meta":"","astra-migrate-meta-layouts":"set","_joinchat":[]},"product_brand":[],"product_cat":[28],"product_tag":[],"class_list":{"0":"post-1353","1":"product","2":"type-product","3":"status-publish","4":"has-post-thumbnail","6":"product_cat-complementos","7":"desktop-align-center","8":"tablet-align-left","9":"mobile-align-left","11":"first","12":"instock","13":"sold-individually","14":"taxable","15":"shipping-taxable","16":"purchasable","17":"product-type-simple"},"aioseo_notices":[],"uagb_featured_image_src":{"full":["https:\/\/griferiabeleau.com\/wp-content\/uploads\/2023\/10\/GRIFERIA-COMPLETOS-06-scaled.jpg",2048,2560,false],"thumbnail":["https:\/\/griferiabeleau.com\/wp-content\/uploads\/2023\/10\/GRIFERIA-COMPLETOS-06-scaled.jpg",120,150,false],"medium":["https:\/\/griferiabeleau.com\/wp-content\/uploads\/2023\/10\/GRIFERIA-COMPLETOS-06-scaled.jpg",240,300,false],"medium_large":["https:\/\/griferiabeleau.com\/wp-content\/uploads\/2023\/10\/GRIFERIA-COMPLETOS-06-scaled.jpg",768,960,false],"large":["https:\/\/griferiabeleau.com\/wp-content\/uploads\/2023\/10\/GRIFERIA-COMPLETOS-06-scaled.jpg",819,1024,false],"1536x1536":["https:\/\/griferiabeleau.com\/wp-content\/uploads\/2023\/10\/GRIFERIA-COMPLETOS-06-scaled.jpg",1229,1536,false],"2048x2048":["https:\/\/griferiabeleau.com\/wp-content\/uploads\/2023\/10\/GRIFERIA-COMPLETOS-06-scaled.jpg",1638,2048,false],"mailpoet_newsletter_max":["https:\/\/griferiabeleau.com\/wp-content\/uploads\/2023\/10\/GRIFERIA-COMPLETOS-06-scaled.jpg",1320,1650,false],"woocommerce_thumbnail":["https:\/\/griferiabeleau.com\/wp-content\/uploads\/2023\/10\/GRIFERIA-COMPLETOS-06-scaled-300x375.jpg",300,375,true],"woocommerce_single":["https:\/\/griferiabeleau.com\/wp-content\/uploads\/2023\/10\/GRIFERIA-COMPLETOS-06-scaled-512x640.jpg",512,640,true],"woocommerce_gallery_thumbnail":["https:\/\/griferiabeleau.com\/wp-content\/uploads\/2023\/10\/GRIFERIA-COMPLETOS-06-scaled-100x100.jpg",100,100,true]},"uagb_author_info":{"display_name":"construcciones.relco","author_link":"https:\/\/griferiabeleau.com\/index.php\/author\/"},"uagb_comment_info":0,"uagb_excerpt":"Ficha T\u00e9cnica Preserva la tradici\u00f3n con nuestra llave de urinario de manija. Este modelo ofrece un control m\u00e1s cl\u00e1sico, ideal para aquellos que prefieren una opci\u00f3n m\u00e1s familiar.","jetpack_sharing_enabled":true,"_links":{"self":[{"href":"https:\/\/griferiabeleau.com\/index.php\/wp-json\/wp\/v2\/product\/1353","targetHints":{"allow":["GET"]}}],"collection":[{"href":"https:\/\/griferiabeleau.com\/index.php\/wp-json\/wp\/v2\/product"}],"about":[{"href":"https:\/\/griferiabeleau.com\/index.php\/wp-json\/wp\/v2\/types\/product"}],"replies":[{"embeddable":true,"href":"https:\/\/griferiabeleau.com\/index.php\/wp-json\/wp\/v2\/comments?post=1353"}],"wp:featuredmedia":[{"embeddable":true,"href":"https:\/\/griferiabeleau.com\/index.php\/wp-json\/wp\/v2\/media\/1280"}],"wp:attachment":[{"href":"https:\/\/griferiabeleau.com\/index.php\/wp-json\/wp\/v2\/media?parent=1353"}],"wp:term":[{"taxonomy":"product_brand","embeddable":true,"href":"https:\/\/griferiabeleau.com\/index.php\/wp-json\/wp\/v2\/product_brand?post=1353"},{"taxonomy":"product_cat","embeddable":true,"href":"https:\/\/griferiabeleau.com\/index.php\/wp-json\/wp\/v2\/product_cat?post=1353"},{"taxonomy":"product_tag","embeddable":true,"href":"https:\/\/griferiabeleau.com\/index.php\/wp-json\/wp\/v2\/product_tag?post=1353"}],"curies":[{"name":"wp","href":"https:\/\/api.w.org\/{rel}","templated":true}]}}