{"id":1361,"date":"2023-10-29T18:27:08","date_gmt":"2023-10-29T17:27:08","guid":{"rendered":"https:\/\/griferiabeleau.com\/index.php\/producto\/rejilla-de-piso-3-tradicional-cuadrada\/"},"modified":"2024-07-16T23:31:48","modified_gmt":"2024-07-16T21:31:48","slug":"rejilla-de-piso-3-tradicional-cuadrada","status":"publish","type":"product","link":"https:\/\/griferiabeleau.com\/index.php\/producto\/rejilla-de-piso-3-tradicional-cuadrada\/","title":{"rendered":"REJILLA DE PISO 3&#8243; TRADICIONAL CUADRADA"},"content":{"rendered":"","protected":false},"excerpt":{"rendered":"<p><a class=\"mb-button mb-style-traditional mb-size-default mb-corners-default mb-text-style-default \" style=\"background-color: #2d4a80;\" href=\"https:\/\/griferiabeleau.com\/wp-content\/uploads\/2024\/07\/FICHA-TECNICA-REJILLA-DE-PISO-TRADICIONAL-CUADRADA.pdf\">Ficha T\u00e9cnica<\/a><\/p>\n<p>Rejilla tradicional cuadrada de 3 pulgadas.<\/p>\n<p>Presentamos las rejillas de piso tradicionales de Bel&#8217;eau, dise\u00f1adas en acero inoxidable para ofrecer m\u00e1xima resistencia y un estilo impecable.<\/p>\n","protected":false},"featured_media":1733,"comment_status":"open","ping_status":"closed","template":"","meta":{"om_disable_all_campaigns":false,"_uag_custom_page_level_css":"","_monsterinsights_skip_tracking":false,"_monsterinsights_sitenote_active":false,"_monsterinsights_sitenote_note":"","_monsterinsights_sitenote_category":0,"site-sidebar-layout":"default","site-content-layout":"","ast-site-content-layout":"default","site-content-style":"default","site-sidebar-style":"default","ast-global-header-display":"","ast-banner-title-visibility":"","ast-main-header-display":"","ast-hfb-above-header-display":"","ast-hfb-below-header-display":"","ast-hfb-mobile-header-display":"","site-post-title":"","ast-breadcrumbs-content":"","ast-featured-img":"","footer-sml-layout":"","theme-transparent-header-meta":"default","adv-header-id-meta":"","stick-header-meta":"","header-above-stick-meta":"","header-main-stick-meta":"","header-below-stick-meta":"","astra-migrate-meta-layouts":"set","_joinchat":[]},"product_brand":[],"product_cat":[28],"product_tag":[],"class_list":{"0":"post-1361","1":"product","2":"type-product","3":"status-publish","4":"has-post-thumbnail","6":"product_cat-complementos","7":"desktop-align-center","8":"tablet-align-left","9":"mobile-align-left","11":"first","12":"instock","13":"sold-individually","14":"taxable","15":"shipping-taxable","16":"purchasable","17":"product-type-simple"},"aioseo_notices":[],"uagb_featured_image_src":{"full":["https:\/\/griferiabeleau.com\/wp-content\/uploads\/2024\/07\/rejilla-de-piso-WEB.png",1080,1350,false],"thumbnail":["https:\/\/griferiabeleau.com\/wp-content\/uploads\/2024\/07\/rejilla-de-piso-WEB-150x150.png",150,150,true],"medium":["https:\/\/griferiabeleau.com\/wp-content\/uploads\/2024\/07\/rejilla-de-piso-WEB-240x300.png",240,300,true],"medium_large":["https:\/\/griferiabeleau.com\/wp-content\/uploads\/2024\/07\/rejilla-de-piso-WEB-768x960.png",768,960,true],"large":["https:\/\/griferiabeleau.com\/wp-content\/uploads\/2024\/07\/rejilla-de-piso-WEB-819x1024.png",819,1024,true],"1536x1536":["https:\/\/griferiabeleau.com\/wp-content\/uploads\/2024\/07\/rejilla-de-piso-WEB.png",1080,1350,false],"2048x2048":["https:\/\/griferiabeleau.com\/wp-content\/uploads\/2024\/07\/rejilla-de-piso-WEB.png",1080,1350,false],"mailpoet_newsletter_max":["https:\/\/griferiabeleau.com\/wp-content\/uploads\/2024\/07\/rejilla-de-piso-WEB.png",1080,1350,false],"woocommerce_thumbnail":["https:\/\/griferiabeleau.com\/wp-content\/uploads\/2024\/07\/rejilla-de-piso-WEB-300x375.png",300,375,true],"woocommerce_single":["https:\/\/griferiabeleau.com\/wp-content\/uploads\/2024\/07\/rejilla-de-piso-WEB-512x640.png",512,640,true],"woocommerce_gallery_thumbnail":["https:\/\/griferiabeleau.com\/wp-content\/uploads\/2024\/07\/rejilla-de-piso-WEB-100x100.png",100,100,true]},"uagb_author_info":{"display_name":"construcciones.relco","author_link":"https:\/\/griferiabeleau.com\/index.php\/author\/"},"uagb_comment_info":0,"uagb_excerpt":"Ficha T\u00e9cnica Rejilla tradicional cuadrada de 3 pulgadas. Presentamos las rejillas de piso tradicionales de Bel'eau, dise\u00f1adas en acero inoxidable para ofrecer m\u00e1xima resistencia y un estilo impecable.","jetpack_sharing_enabled":true,"_links":{"self":[{"href":"https:\/\/griferiabeleau.com\/index.php\/wp-json\/wp\/v2\/product\/1361","targetHints":{"allow":["GET"]}}],"collection":[{"href":"https:\/\/griferiabeleau.com\/index.php\/wp-json\/wp\/v2\/product"}],"about":[{"href":"https:\/\/griferiabeleau.com\/index.php\/wp-json\/wp\/v2\/types\/product"}],"replies":[{"embeddable":true,"href":"https:\/\/griferiabeleau.com\/index.php\/wp-json\/wp\/v2\/comments?post=1361"}],"wp:featuredmedia":[{"embeddable":true,"href":"https:\/\/griferiabeleau.com\/index.php\/wp-json\/wp\/v2\/media\/1733"}],"wp:attachment":[{"href":"https:\/\/griferiabeleau.com\/index.php\/wp-json\/wp\/v2\/media?parent=1361"}],"wp:term":[{"taxonomy":"product_brand","embeddable":true,"href":"https:\/\/griferiabeleau.com\/index.php\/wp-json\/wp\/v2\/product_brand?post=1361"},{"taxonomy":"product_cat","embeddable":true,"href":"https:\/\/griferiabeleau.com\/index.php\/wp-json\/wp\/v2\/product_cat?post=1361"},{"taxonomy":"product_tag","embeddable":true,"href":"https:\/\/griferiabeleau.com\/index.php\/wp-json\/wp\/v2\/product_tag?post=1361"}],"curies":[{"name":"wp","href":"https:\/\/api.w.org\/{rel}","templated":true}]}}