{"id":1462,"date":"2024-05-15T19:55:33","date_gmt":"2024-05-15T17:55:33","guid":{"rendered":"https:\/\/griferiabeleau.com\/?post_type=product&#038;p=1462"},"modified":"2026-05-04T22:25:44","modified_gmt":"2026-05-04T20:25:44","slug":"ducha-briva-mando-tipo-piano","status":"publish","type":"product","link":"https:\/\/griferiabeleau.com\/index.php\/producto\/ducha-briva-mando-tipo-piano\/","title":{"rendered":"DUCHA BRIVA MANDO TIPO PIANO GUN METAL"},"content":{"rendered":"<p>La ducha Briva es la m\u00e1xima expresi\u00f3n de elegancia y funcionalidad en el ba\u00f1o. Con un sofisticado acabado en color Gunmetal, aporta un toque moderno y distintivo a cualquier espacio. Su dise\u00f1o innovador incluye un mando en forma de piano, que se acciona f\u00e1cilmente mediante botones, permiti\u00e9ndote ajustar la configuraci\u00f3n de la ducha con precisi\u00f3n y comodidad.<\/p>\n<p>Esta ducha cuenta con dos regaderas de mano, ofreciendo una versatilidad sin igual para adaptarse a tus necesidades y preferencias. Ya sea que prefieras un chorro suave y relajante o un flujo m\u00e1s fuerte y revitalizante, las regaderas de mano de Briva te brindan la opci\u00f3n perfecta. Adem\u00e1s, la ducha incorpora un chorro directo que sale de la mezcladora, a\u00f1adiendo una capa extra de comodidad y eficiencia a tu experiencia de ducha.<\/p>\n<p>La combinaci\u00f3n de su atractivo color Gunmetal y su funcionalidad avanzada hacen de la ducha Briva una elecci\u00f3n ideal para quienes buscan un equilibrio perfecto entre dise\u00f1o y practicidad. Transforma tu rutina diaria en un momento de lujo con la ducha Briva.<\/p>\n","protected":false},"excerpt":{"rendered":"<p><a class=\"mb-button mb-style-traditional mb-size-default mb-corners-default mb-text-style-default \" style=\"background-color: #2175bb;\" href=\"https:\/\/griferiabeleau.com\/wp-content\/uploads\/2024\/06\/FICHA-TECNICA-DUCHA-BRIVA.pdf\">Ficha T\u00e9cnica<\/a><\/p>\n<p>La ducha Briva combina estilo y funcionalidad con su elegante color Gunmetal. Equipada con un mando en forma de piano accionado por botones, ofrece un control intuitivo y moderno. Disfruta de la versatilidad con sus dos regaderas de mano y un chorro directo que sale de la mezcladora, proporcionando una experiencia de ducha \u00fanica y personalizada.<\/p>\n","protected":false},"featured_media":2494,"comment_status":"open","ping_status":"closed","template":"","meta":{"om_disable_all_campaigns":false,"_uag_custom_page_level_css":"","_monsterinsights_skip_tracking":false,"_monsterinsights_sitenote_active":false,"_monsterinsights_sitenote_note":"","_monsterinsights_sitenote_category":0,"site-sidebar-layout":"default","site-content-layout":"","ast-site-content-layout":"default","site-content-style":"default","site-sidebar-style":"default","ast-global-header-display":"","ast-banner-title-visibility":"","ast-main-header-display":"","ast-hfb-above-header-display":"","ast-hfb-below-header-display":"","ast-hfb-mobile-header-display":"","site-post-title":"","ast-breadcrumbs-content":"","ast-featured-img":"","footer-sml-layout":"","theme-transparent-header-meta":"default","adv-header-id-meta":"","stick-header-meta":"","header-above-stick-meta":"","header-main-stick-meta":"","header-below-stick-meta":"","astra-migrate-meta-layouts":"set","_joinchat":[]},"product_brand":[],"product_cat":[27],"product_tag":[],"class_list":{"0":"post-1462","1":"product","2":"type-product","3":"status-publish","4":"has-post-thumbnail","6":"product_cat-duchas","7":"desktop-align-center","8":"tablet-align-left","9":"mobile-align-left","11":"first","12":"instock","13":"taxable","14":"shipping-taxable","15":"purchasable","16":"product-type-simple"},"aioseo_notices":[],"uagb_featured_image_src":{"full":["https:\/\/griferiabeleau.com\/wp-content\/uploads\/2026\/05\/BD01016G.jpg",1000,1000,false],"thumbnail":["https:\/\/griferiabeleau.com\/wp-content\/uploads\/2026\/05\/BD01016G-150x150.jpg",150,150,true],"medium":["https:\/\/griferiabeleau.com\/wp-content\/uploads\/2026\/05\/BD01016G-300x300.jpg",300,300,true],"medium_large":["https:\/\/griferiabeleau.com\/wp-content\/uploads\/2026\/05\/BD01016G-768x768.jpg",768,768,true],"large":["https:\/\/griferiabeleau.com\/wp-content\/uploads\/2026\/05\/BD01016G.jpg",1000,1000,false],"1536x1536":["https:\/\/griferiabeleau.com\/wp-content\/uploads\/2026\/05\/BD01016G.jpg",1000,1000,false],"2048x2048":["https:\/\/griferiabeleau.com\/wp-content\/uploads\/2026\/05\/BD01016G.jpg",1000,1000,false],"mailpoet_newsletter_max":["https:\/\/griferiabeleau.com\/wp-content\/uploads\/2026\/05\/BD01016G.jpg",1000,1000,false],"woocommerce_thumbnail":["https:\/\/griferiabeleau.com\/wp-content\/uploads\/2026\/05\/BD01016G-300x300.jpg",300,300,true],"woocommerce_single":["https:\/\/griferiabeleau.com\/wp-content\/uploads\/2026\/05\/BD01016G-600x600.jpg",600,600,true],"woocommerce_gallery_thumbnail":["https:\/\/griferiabeleau.com\/wp-content\/uploads\/2026\/05\/BD01016G-100x100.jpg",100,100,true]},"uagb_author_info":{"display_name":"construcciones.relco","author_link":"https:\/\/griferiabeleau.com\/index.php\/author\/"},"uagb_comment_info":0,"uagb_excerpt":"Ficha T\u00e9cnica La ducha Briva combina estilo y funcionalidad con su elegante color Gunmetal. Equipada con un mando en forma de piano accionado por botones, ofrece un control intuitivo y moderno. Disfruta de la versatilidad con sus dos regaderas de mano y un chorro directo que sale de la mezcladora, proporcionando una experiencia de ducha&hellip;","jetpack_sharing_enabled":true,"_links":{"self":[{"href":"https:\/\/griferiabeleau.com\/index.php\/wp-json\/wp\/v2\/product\/1462","targetHints":{"allow":["GET"]}}],"collection":[{"href":"https:\/\/griferiabeleau.com\/index.php\/wp-json\/wp\/v2\/product"}],"about":[{"href":"https:\/\/griferiabeleau.com\/index.php\/wp-json\/wp\/v2\/types\/product"}],"replies":[{"embeddable":true,"href":"https:\/\/griferiabeleau.com\/index.php\/wp-json\/wp\/v2\/comments?post=1462"}],"wp:featuredmedia":[{"embeddable":true,"href":"https:\/\/griferiabeleau.com\/index.php\/wp-json\/wp\/v2\/media\/2494"}],"wp:attachment":[{"href":"https:\/\/griferiabeleau.com\/index.php\/wp-json\/wp\/v2\/media?parent=1462"}],"wp:term":[{"taxonomy":"product_brand","embeddable":true,"href":"https:\/\/griferiabeleau.com\/index.php\/wp-json\/wp\/v2\/product_brand?post=1462"},{"taxonomy":"product_cat","embeddable":true,"href":"https:\/\/griferiabeleau.com\/index.php\/wp-json\/wp\/v2\/product_cat?post=1462"},{"taxonomy":"product_tag","embeddable":true,"href":"https:\/\/griferiabeleau.com\/index.php\/wp-json\/wp\/v2\/product_tag?post=1462"}],"curies":[{"name":"wp","href":"https:\/\/api.w.org\/{rel}","templated":true}]}}