{"id":1794,"date":"2025-03-18T19:44:28","date_gmt":"2025-03-18T18:44:28","guid":{"rendered":"https:\/\/griferiabeleau.com\/?post_type=product&#038;p=1794"},"modified":"2026-04-28T23:41:39","modified_gmt":"2026-04-28T21:41:39","slug":"mezcladora-monomando-ganso-pull-out-gun-metal","status":"publish","type":"product","link":"https:\/\/griferiabeleau.com\/index.php\/producto\/mezcladora-monomando-ganso-pull-out-gun-metal\/","title":{"rendered":"MEZCLADORA MONOMANDO GANSO PULL OUT, GUN METAL"},"content":{"rendered":"<p data-start=\"0\" data-end=\"406\">El grifo de cocina con rociador extra\u00edble de <strong data-start=\"45\" data-end=\"56\">BEL&#8217;EAU<\/strong> es una obra maestra de dise\u00f1o e innovaci\u00f3n, creado para brindar una experiencia \u00fanica en tu cocina. Su exclusivo dise\u00f1o patentado incorpora un avanzado sistema de acoplamiento magn\u00e9tico que permite que el cabezal rociador vuelva a su posici\u00f3n original de forma r\u00e1pida y precisa, facilitando su uso y garantizando una mayor comodidad en cada tarea.<\/p>\n<p data-start=\"408\" data-end=\"914\">Este grifo no solo destaca por su funcionalidad, sino tambi\u00e9n por su elegante est\u00e9tica inspirada en la majestuosa <strong data-start=\"522\" data-end=\"550\">grulla de coronilla roja<\/strong>, un s\u00edmbolo de longevidad, elegancia y prosperidad. Cada detalle del dise\u00f1o cuenta una historia: el mango estilizado evoca la esbelta silueta de este noble ave, mientras que el cuerpo robusto y firme simboliza su porte distinguido. La manguera flexible y el ca\u00f1o alargado representan la gracia de sus movimientos, aportando una sensaci\u00f3n de dinamismo y fluidez.<\/p>\n<p data-start=\"916\" data-end=\"1277\">La combinaci\u00f3n de estas formas crea una pieza \u00fanica que no solo embellece tu cocina, sino que tambi\u00e9n eleva la experiencia de uso con su innovadora tecnolog\u00eda. El sistema de acoplamiento magn\u00e9tico asegura que el cabezal rociador se mantenga siempre en su lugar, evitando que quede suelto o desalineado, brindando mayor durabilidad y comodidad en el d\u00eda a d\u00eda.<\/p>\n<p data-start=\"1279\" data-end=\"1491\" data-is-last-node=\"\" data-is-only-node=\"\">Con este grifo de cocina inspirado en la <strong data-start=\"1320\" data-end=\"1348\">grulla de coronilla roja<\/strong>, <strong data-start=\"1350\" data-end=\"1361\">BEL&#8217;EAU<\/strong> fusiona arte, funcionalidad y elegancia, logrando una pieza que transforma tu cocina en un espacio sofisticado y lleno de estilo.<\/p>\n","protected":false},"excerpt":{"rendered":"<p>El grifo de cocina con rociador extra\u00edble de <strong data-start=\"45\" data-end=\"56\">BEL&#8217;EAU<\/strong> combina dise\u00f1o elegante e innovaci\u00f3n funcional. Inspirado en la majestuosa <strong data-start=\"132\" data-end=\"160\">grulla de coronilla roja<\/strong>, su silueta estilizada simboliza elegancia, longevidad y prosperidad. Gracias a su sistema de acoplamiento magn\u00e9tico patentado, el cabezal rociador vuelve a su posici\u00f3n original de forma r\u00e1pida y precisa, garantizando comodidad y eficiencia en cada uso. Esta pieza \u00fanica no solo embellece tu cocina, sino que tambi\u00e9n ofrece una experiencia pr\u00e1ctica y sofisticada para tu d\u00eda a d\u00eda.<\/p>\n<p><a class=\"mb-button mb-style-flat mb-size-default mb-corners-default mb-text-style-default \" style=\"background-color: #2175bb;\" href=\"https:\/\/griferiabeleau.com\/wp-content\/uploads\/2025\/03\/FICHA-TECNICA-MEZCLADORA-DE-COCINA-GANSO.pdf\">FICHA T\u00c9CNICA<\/a><\/p>\n","protected":false},"featured_media":2344,"comment_status":"open","ping_status":"closed","template":"","meta":{"om_disable_all_campaigns":false,"_uag_custom_page_level_css":"","_monsterinsights_skip_tracking":false,"_monsterinsights_sitenote_active":false,"_monsterinsights_sitenote_note":"","_monsterinsights_sitenote_category":0,"site-sidebar-layout":"default","site-content-layout":"","ast-site-content-layout":"default","site-content-style":"default","site-sidebar-style":"default","ast-global-header-display":"","ast-banner-title-visibility":"","ast-main-header-display":"","ast-hfb-above-header-display":"","ast-hfb-below-header-display":"","ast-hfb-mobile-header-display":"","site-post-title":"","ast-breadcrumbs-content":"","ast-featured-img":"","footer-sml-layout":"","theme-transparent-header-meta":"default","adv-header-id-meta":"","stick-header-meta":"","header-above-stick-meta":"","header-main-stick-meta":"","header-below-stick-meta":"","astra-migrate-meta-layouts":"set","_joinchat":[]},"product_brand":[],"product_cat":[23],"product_tag":[],"class_list":{"0":"post-1794","1":"product","2":"type-product","3":"status-publish","4":"has-post-thumbnail","6":"product_cat-cocina","7":"desktop-align-center","8":"tablet-align-left","9":"mobile-align-left","11":"first","12":"instock","13":"taxable","14":"shipping-taxable","15":"purchasable","16":"product-type-simple"},"aioseo_notices":[],"uagb_featured_image_src":{"full":["https:\/\/griferiabeleau.com\/wp-content\/uploads\/2026\/04\/BC01020G.jpg",1000,1000,false],"thumbnail":["https:\/\/griferiabeleau.com\/wp-content\/uploads\/2026\/04\/BC01020G-150x150.jpg",150,150,true],"medium":["https:\/\/griferiabeleau.com\/wp-content\/uploads\/2026\/04\/BC01020G-300x300.jpg",300,300,true],"medium_large":["https:\/\/griferiabeleau.com\/wp-content\/uploads\/2026\/04\/BC01020G-768x768.jpg",768,768,true],"large":["https:\/\/griferiabeleau.com\/wp-content\/uploads\/2026\/04\/BC01020G.jpg",1000,1000,false],"1536x1536":["https:\/\/griferiabeleau.com\/wp-content\/uploads\/2026\/04\/BC01020G.jpg",1000,1000,false],"2048x2048":["https:\/\/griferiabeleau.com\/wp-content\/uploads\/2026\/04\/BC01020G.jpg",1000,1000,false],"mailpoet_newsletter_max":["https:\/\/griferiabeleau.com\/wp-content\/uploads\/2026\/04\/BC01020G.jpg",1000,1000,false],"woocommerce_thumbnail":["https:\/\/griferiabeleau.com\/wp-content\/uploads\/2026\/04\/BC01020G-300x300.jpg",300,300,true],"woocommerce_single":["https:\/\/griferiabeleau.com\/wp-content\/uploads\/2026\/04\/BC01020G-600x600.jpg",600,600,true],"woocommerce_gallery_thumbnail":["https:\/\/griferiabeleau.com\/wp-content\/uploads\/2026\/04\/BC01020G-100x100.jpg",100,100,true]},"uagb_author_info":{"display_name":"construcciones.relco","author_link":"https:\/\/griferiabeleau.com\/index.php\/author\/"},"uagb_comment_info":0,"uagb_excerpt":"El grifo de cocina con rociador extra\u00edble de BEL'EAU combina dise\u00f1o elegante e innovaci\u00f3n funcional. Inspirado en la majestuosa grulla de coronilla roja, su silueta estilizada simboliza elegancia, longevidad y prosperidad. Gracias a su sistema de acoplamiento magn\u00e9tico patentado, el cabezal rociador vuelve a su posici\u00f3n original de forma r\u00e1pida y precisa, garantizando comodidad y&hellip;","jetpack_sharing_enabled":true,"_links":{"self":[{"href":"https:\/\/griferiabeleau.com\/index.php\/wp-json\/wp\/v2\/product\/1794","targetHints":{"allow":["GET"]}}],"collection":[{"href":"https:\/\/griferiabeleau.com\/index.php\/wp-json\/wp\/v2\/product"}],"about":[{"href":"https:\/\/griferiabeleau.com\/index.php\/wp-json\/wp\/v2\/types\/product"}],"replies":[{"embeddable":true,"href":"https:\/\/griferiabeleau.com\/index.php\/wp-json\/wp\/v2\/comments?post=1794"}],"wp:featuredmedia":[{"embeddable":true,"href":"https:\/\/griferiabeleau.com\/index.php\/wp-json\/wp\/v2\/media\/2344"}],"wp:attachment":[{"href":"https:\/\/griferiabeleau.com\/index.php\/wp-json\/wp\/v2\/media?parent=1794"}],"wp:term":[{"taxonomy":"product_brand","embeddable":true,"href":"https:\/\/griferiabeleau.com\/index.php\/wp-json\/wp\/v2\/product_brand?post=1794"},{"taxonomy":"product_cat","embeddable":true,"href":"https:\/\/griferiabeleau.com\/index.php\/wp-json\/wp\/v2\/product_cat?post=1794"},{"taxonomy":"product_tag","embeddable":true,"href":"https:\/\/griferiabeleau.com\/index.php\/wp-json\/wp\/v2\/product_tag?post=1794"}],"curies":[{"name":"wp","href":"https:\/\/api.w.org\/{rel}","templated":true}]}}