{"id":2011,"date":"2025-10-21T20:19:27","date_gmt":"2025-10-21T18:19:27","guid":{"rendered":"https:\/\/griferiabeleau.com\/?post_type=product&#038;p=2011"},"modified":"2026-04-29T20:26:51","modified_gmt":"2026-04-29T18:26:51","slug":"mezcladora-de-bano-luna-negro","status":"publish","type":"product","link":"https:\/\/griferiabeleau.com\/index.php\/producto\/mezcladora-de-bano-luna-negro\/","title":{"rendered":"MEZCLADORA DE BA\u00d1O LUNA NEGRO"},"content":{"rendered":"<p class=\"\" data-start=\"214\" data-end=\"504\">Renueva tu ba\u00f1o con un toque de elegancia y funcionalidad con este\u00a0<strong data-start=\"281\" data-end=\"323\">grifo para lavamanos de dise\u00f1o moderno<\/strong>. Su est\u00e9tica contempor\u00e1nea se adapta perfectamente a ba\u00f1os minimalistas, sofisticados o de inspiraci\u00f3n actual, aportando un detalle visualmente atractivo sin perder la practicidad.<\/p>\n<p class=\"\" data-start=\"506\" data-end=\"847\">Este grifo est\u00e1\u00a0<strong data-start=\"522\" data-end=\"560\">fabricado en lat\u00f3n de alta calidad<\/strong>, un material reconocido por su excelente resistencia al desgaste, la corrosi\u00f3n y el \u00f3xido, lo que asegura una durabilidad excepcional incluso en ambientes h\u00famedos. Es una inversi\u00f3n inteligente a largo plazo, ya que mantiene su apariencia y rendimiento impecables con el paso del tiempo.<\/p>\n<p class=\"\" data-start=\"849\" data-end=\"1174\">En su interior, incorpora un\u00a0<strong data-start=\"878\" data-end=\"920\">cartucho de cer\u00e1mica de alta precisi\u00f3n<\/strong>, dise\u00f1ado para ofrecer un flujo de agua suave, silencioso y sin goteos. Este sistema no solo mejora la experiencia de uso diario, sino que tambi\u00e9n contribuye al ahorro de agua y evita problemas comunes como fugas o bloqueos por acumulaci\u00f3n de minerales.<\/p>\n<p class=\"\" data-start=\"1176\" data-end=\"1469\">El grifo combina a la perfecci\u00f3n dise\u00f1o y funcionalidad, convirti\u00e9ndose en una opci\u00f3n ideal tanto para renovaciones modernas como para nuevos proyectos de ba\u00f1o. Es compatible con la mayor\u00eda de lavamanos est\u00e1ndar y se instala con facilidad, ideal para quienes buscan calidad sin complicaciones.<\/p>\n<p class=\"\" data-start=\"1471\" data-end=\"1577\">Con este grifo moderno, tu ba\u00f1o no solo ganar\u00e1 en est\u00e9tica, sino tambi\u00e9n en eficiencia, higiene y confort.<\/p>\n","protected":false},"excerpt":{"rendered":"<p>Dise\u00f1ado con un estilo moderno y fabricado en lat\u00f3n de alta calidad, este grifo ofrece gran resistencia a la corrosi\u00f3n y una larga vida \u00fatil. Su cartucho de cer\u00e1mica garantiza un funcionamiento suave y sin goteos, ideal para un uso diario, c\u00f3modo y confiable.<\/p>\n<p><a class=\"mb-button mb-style-flat mb-size-default mb-corners-default mb-text-style-default \" style=\"background-color: #384c7b;\" href=\"https:\/\/griferiabeleau.com\/wp-content\/uploads\/2025\/10\/FICHA-TECNICA-MEZCLADORA-DE-BANO-LUNA.pdf\">FICHA T\u00c9CNICA<\/a><\/p>\n","protected":false},"featured_media":2439,"comment_status":"open","ping_status":"closed","template":"","meta":{"om_disable_all_campaigns":false,"_uag_custom_page_level_css":"","_monsterinsights_skip_tracking":false,"_monsterinsights_sitenote_active":false,"_monsterinsights_sitenote_note":"","_monsterinsights_sitenote_category":0,"site-sidebar-layout":"default","site-content-layout":"","ast-site-content-layout":"default","site-content-style":"default","site-sidebar-style":"default","ast-global-header-display":"","ast-banner-title-visibility":"","ast-main-header-display":"","ast-hfb-above-header-display":"","ast-hfb-below-header-display":"","ast-hfb-mobile-header-display":"","site-post-title":"","ast-breadcrumbs-content":"","ast-featured-img":"","footer-sml-layout":"","theme-transparent-header-meta":"default","adv-header-id-meta":"","stick-header-meta":"","header-above-stick-meta":"","header-main-stick-meta":"","header-below-stick-meta":"","astra-migrate-meta-layouts":"set","_joinchat":[]},"product_brand":[],"product_cat":[26,22],"product_tag":[],"class_list":{"0":"post-2011","1":"product","2":"type-product","3":"status-publish","4":"has-post-thumbnail","6":"product_cat-bano","7":"product_cat-mezcladora","8":"desktop-align-center","9":"tablet-align-left","10":"mobile-align-left","12":"first","13":"instock","14":"taxable","15":"shipping-taxable","16":"purchasable","17":"product-type-simple"},"aioseo_notices":[],"uagb_featured_image_src":{"full":["https:\/\/griferiabeleau.com\/wp-content\/uploads\/2026\/04\/BB01017N.jpg",1000,1000,false],"thumbnail":["https:\/\/griferiabeleau.com\/wp-content\/uploads\/2026\/04\/BB01017N-150x150.jpg",150,150,true],"medium":["https:\/\/griferiabeleau.com\/wp-content\/uploads\/2026\/04\/BB01017N-300x300.jpg",300,300,true],"medium_large":["https:\/\/griferiabeleau.com\/wp-content\/uploads\/2026\/04\/BB01017N-768x768.jpg",768,768,true],"large":["https:\/\/griferiabeleau.com\/wp-content\/uploads\/2026\/04\/BB01017N.jpg",1000,1000,false],"1536x1536":["https:\/\/griferiabeleau.com\/wp-content\/uploads\/2026\/04\/BB01017N.jpg",1000,1000,false],"2048x2048":["https:\/\/griferiabeleau.com\/wp-content\/uploads\/2026\/04\/BB01017N.jpg",1000,1000,false],"mailpoet_newsletter_max":["https:\/\/griferiabeleau.com\/wp-content\/uploads\/2026\/04\/BB01017N.jpg",1000,1000,false],"woocommerce_thumbnail":["https:\/\/griferiabeleau.com\/wp-content\/uploads\/2026\/04\/BB01017N-300x300.jpg",300,300,true],"woocommerce_single":["https:\/\/griferiabeleau.com\/wp-content\/uploads\/2026\/04\/BB01017N-600x600.jpg",600,600,true],"woocommerce_gallery_thumbnail":["https:\/\/griferiabeleau.com\/wp-content\/uploads\/2026\/04\/BB01017N-100x100.jpg",100,100,true]},"uagb_author_info":{"display_name":"construcciones.relco","author_link":"https:\/\/griferiabeleau.com\/index.php\/author\/"},"uagb_comment_info":0,"uagb_excerpt":"Dise\u00f1ado con un estilo moderno y fabricado en lat\u00f3n de alta calidad, este grifo ofrece gran resistencia a la corrosi\u00f3n y una larga vida \u00fatil. Su cartucho de cer\u00e1mica garantiza un funcionamiento suave y sin goteos, ideal para un uso diario, c\u00f3modo y confiable. FICHA T\u00c9CNICA","jetpack_sharing_enabled":true,"_links":{"self":[{"href":"https:\/\/griferiabeleau.com\/index.php\/wp-json\/wp\/v2\/product\/2011","targetHints":{"allow":["GET"]}}],"collection":[{"href":"https:\/\/griferiabeleau.com\/index.php\/wp-json\/wp\/v2\/product"}],"about":[{"href":"https:\/\/griferiabeleau.com\/index.php\/wp-json\/wp\/v2\/types\/product"}],"replies":[{"embeddable":true,"href":"https:\/\/griferiabeleau.com\/index.php\/wp-json\/wp\/v2\/comments?post=2011"}],"wp:featuredmedia":[{"embeddable":true,"href":"https:\/\/griferiabeleau.com\/index.php\/wp-json\/wp\/v2\/media\/2439"}],"wp:attachment":[{"href":"https:\/\/griferiabeleau.com\/index.php\/wp-json\/wp\/v2\/media?parent=2011"}],"wp:term":[{"taxonomy":"product_brand","embeddable":true,"href":"https:\/\/griferiabeleau.com\/index.php\/wp-json\/wp\/v2\/product_brand?post=2011"},{"taxonomy":"product_cat","embeddable":true,"href":"https:\/\/griferiabeleau.com\/index.php\/wp-json\/wp\/v2\/product_cat?post=2011"},{"taxonomy":"product_tag","embeddable":true,"href":"https:\/\/griferiabeleau.com\/index.php\/wp-json\/wp\/v2\/product_tag?post=2011"}],"curies":[{"name":"wp","href":"https:\/\/api.w.org\/{rel}","templated":true}]}}