{"id":2258,"date":"2026-01-27T18:07:04","date_gmt":"2026-01-27T17:07:04","guid":{"rendered":"https:\/\/griferiabeleau.com\/?post_type=product&#038;p=2258"},"modified":"2026-01-27T18:07:04","modified_gmt":"2026-01-27T17:07:04","slug":"llave-angular-doble-con-manguera-duchador-cromo","status":"publish","type":"product","link":"https:\/\/griferiabeleau.com\/index.php\/producto\/llave-angular-doble-con-manguera-duchador-cromo\/","title":{"rendered":"LLAVE ANGULAR DOBLE CON MANGUERA DUCHADOR CROMO"},"content":{"rendered":"<p>La <strong data-start=\"211\" data-end=\"273\">Llave Angular Doble con Manguera Duchador en acabado cromo<\/strong> es una soluci\u00f3n funcional y elegante para ba\u00f1os modernos. Permite la conexi\u00f3n simult\u00e1nea del inodoro y del duchador higi\u00e9nico desde un solo punto de agua, optimizando espacio y mejorando la instalaci\u00f3n.<br data-start=\"476\" data-end=\"479\" \/>Fabricada con materiales de alta calidad, ofrece excelente resistencia a la corrosi\u00f3n, durabilidad y un acabado cromo brillante que aporta un toque sofisticado y f\u00e1cil de combinar con cualquier estilo de ba\u00f1o. Ideal para proyectos residenciales y comerciales que buscan practicidad, dise\u00f1o y confiabilidad.<\/p>\n","protected":false},"excerpt":{"rendered":"<p>Llave angular doble con manguera duchador en acabado cromo, ideal para conexi\u00f3n de inodoro y duchador higi\u00e9nico desde un solo punto. Funcional, resistente y de dise\u00f1o moderno.<br \/>\n<a class=\"mb-button mb-style-flat mb-size-default mb-corners-default mb-text-style-default \" style=\"background-color: #384c7b;\" href=\"https:\/\/griferiabeleau.com\/wp-content\/uploads\/2026\/01\/FICHA-TECNICA-LLAVE-ANGULAR-DOBLE-CON-MANGUERA-DUCHADOR-BT04013C-BT04013N-.pdf\">FICHA T\u00c9CNICA<\/a><\/p>\n","protected":false},"featured_media":2254,"comment_status":"open","ping_status":"closed","template":"","meta":{"om_disable_all_campaigns":false,"_uag_custom_page_level_css":"","_monsterinsights_skip_tracking":false,"_monsterinsights_sitenote_active":false,"_monsterinsights_sitenote_note":"","_monsterinsights_sitenote_category":0,"site-sidebar-layout":"default","site-content-layout":"","ast-site-content-layout":"default","site-content-style":"default","site-sidebar-style":"default","ast-global-header-display":"","ast-banner-title-visibility":"","ast-main-header-display":"","ast-hfb-above-header-display":"","ast-hfb-below-header-display":"","ast-hfb-mobile-header-display":"","site-post-title":"","ast-breadcrumbs-content":"","ast-featured-img":"","footer-sml-layout":"","theme-transparent-header-meta":"default","adv-header-id-meta":"","stick-header-meta":"","header-above-stick-meta":"","header-main-stick-meta":"","header-below-stick-meta":"","astra-migrate-meta-layouts":"set","_joinchat":[]},"product_brand":[],"product_cat":[28],"product_tag":[],"class_list":{"0":"post-2258","1":"product","2":"type-product","3":"status-publish","4":"has-post-thumbnail","6":"product_cat-complementos","7":"desktop-align-center","8":"tablet-align-left","9":"mobile-align-left","11":"first","12":"instock","13":"taxable","14":"shipping-taxable","15":"purchasable","16":"product-type-simple"},"aioseo_notices":[],"uagb_featured_image_src":{"full":["https:\/\/griferiabeleau.com\/wp-content\/uploads\/2026\/01\/LLAVE-ANGULAR-DOBLE-CON-MANGUERA-DUCHADOR-CROMO.png",768,960,false],"thumbnail":["https:\/\/griferiabeleau.com\/wp-content\/uploads\/2026\/01\/LLAVE-ANGULAR-DOBLE-CON-MANGUERA-DUCHADOR-CROMO-150x150.png",150,150,true],"medium":["https:\/\/griferiabeleau.com\/wp-content\/uploads\/2026\/01\/LLAVE-ANGULAR-DOBLE-CON-MANGUERA-DUCHADOR-CROMO-240x300.png",240,300,true],"medium_large":["https:\/\/griferiabeleau.com\/wp-content\/uploads\/2026\/01\/LLAVE-ANGULAR-DOBLE-CON-MANGUERA-DUCHADOR-CROMO.png",768,960,false],"large":["https:\/\/griferiabeleau.com\/wp-content\/uploads\/2026\/01\/LLAVE-ANGULAR-DOBLE-CON-MANGUERA-DUCHADOR-CROMO.png",768,960,false],"1536x1536":["https:\/\/griferiabeleau.com\/wp-content\/uploads\/2026\/01\/LLAVE-ANGULAR-DOBLE-CON-MANGUERA-DUCHADOR-CROMO.png",768,960,false],"2048x2048":["https:\/\/griferiabeleau.com\/wp-content\/uploads\/2026\/01\/LLAVE-ANGULAR-DOBLE-CON-MANGUERA-DUCHADOR-CROMO.png",768,960,false],"mailpoet_newsletter_max":["https:\/\/griferiabeleau.com\/wp-content\/uploads\/2026\/01\/LLAVE-ANGULAR-DOBLE-CON-MANGUERA-DUCHADOR-CROMO.png",768,960,false],"woocommerce_thumbnail":["https:\/\/griferiabeleau.com\/wp-content\/uploads\/2026\/01\/LLAVE-ANGULAR-DOBLE-CON-MANGUERA-DUCHADOR-CROMO-300x300.png",300,300,true],"woocommerce_single":["https:\/\/griferiabeleau.com\/wp-content\/uploads\/2026\/01\/LLAVE-ANGULAR-DOBLE-CON-MANGUERA-DUCHADOR-CROMO-600x750.png",600,750,true],"woocommerce_gallery_thumbnail":["https:\/\/griferiabeleau.com\/wp-content\/uploads\/2026\/01\/LLAVE-ANGULAR-DOBLE-CON-MANGUERA-DUCHADOR-CROMO-100x100.png",100,100,true]},"uagb_author_info":{"display_name":"construcciones.relco","author_link":"https:\/\/griferiabeleau.com\/index.php\/author\/"},"uagb_comment_info":0,"uagb_excerpt":"Llave angular doble con manguera duchador en acabado cromo, ideal para conexi\u00f3n de inodoro y duchador higi\u00e9nico desde un solo punto. Funcional, resistente y de dise\u00f1o moderno. FICHA T\u00c9CNICA","jetpack_sharing_enabled":true,"_links":{"self":[{"href":"https:\/\/griferiabeleau.com\/index.php\/wp-json\/wp\/v2\/product\/2258","targetHints":{"allow":["GET"]}}],"collection":[{"href":"https:\/\/griferiabeleau.com\/index.php\/wp-json\/wp\/v2\/product"}],"about":[{"href":"https:\/\/griferiabeleau.com\/index.php\/wp-json\/wp\/v2\/types\/product"}],"replies":[{"embeddable":true,"href":"https:\/\/griferiabeleau.com\/index.php\/wp-json\/wp\/v2\/comments?post=2258"}],"wp:featuredmedia":[{"embeddable":true,"href":"https:\/\/griferiabeleau.com\/index.php\/wp-json\/wp\/v2\/media\/2254"}],"wp:attachment":[{"href":"https:\/\/griferiabeleau.com\/index.php\/wp-json\/wp\/v2\/media?parent=2258"}],"wp:term":[{"taxonomy":"product_brand","embeddable":true,"href":"https:\/\/griferiabeleau.com\/index.php\/wp-json\/wp\/v2\/product_brand?post=2258"},{"taxonomy":"product_cat","embeddable":true,"href":"https:\/\/griferiabeleau.com\/index.php\/wp-json\/wp\/v2\/product_cat?post=2258"},{"taxonomy":"product_tag","embeddable":true,"href":"https:\/\/griferiabeleau.com\/index.php\/wp-json\/wp\/v2\/product_tag?post=2258"}],"curies":[{"name":"wp","href":"https:\/\/api.w.org\/{rel}","templated":true}]}}