{"id":953,"date":"2023-10-02T16:37:48","date_gmt":"2023-10-02T14:37:48","guid":{"rendered":"https:\/\/griferiabeleau.com\/?post_type=product&#038;p=953"},"modified":"2024-07-16T23:56:59","modified_gmt":"2024-07-16T21:56:59","slug":"mezcladora-de-cocina-vesalles-cromo","status":"publish","type":"product","link":"https:\/\/griferiabeleau.com\/index.php\/producto\/mezcladora-de-cocina-vesalles-cromo\/","title":{"rendered":"MEZCLADORA DE COCINA VERSALLES CROMO"},"content":{"rendered":"<ul>\n<li>F\u00e1cil Instalaci\u00f3n: producto listo para \u00fanicamente conectar a la toma de agua, sin largos tiempos ni dificultades puedes disfrutar de los beneficios de la grifer\u00eda en tu cocina.<\/li>\n<li>Un pa\u00f1o limpio es suficiente para limpiar el grifo en el uso diario<\/li>\n<li>Grifo extra\u00edble multiusos: el grifo del fregadero de cocina con una manguera de grifo de cocina est\u00e1 rompiendo con las restricciones de espacios El dise\u00f1o de resorte permite que este moderno grifo de cocina se utilice en una variedad de ambientes.<\/li>\n<\/ul>\n","protected":false},"excerpt":{"rendered":"<p><a class=\"mb-button mb-style-traditional mb-size-default mb-corners-default mb-text-style-default \" style=\"background-color: #2175bb;\" href=\"https:\/\/griferiabeleau.com\/wp-content\/uploads\/2024\/07\/FICHA-TECNICA-MEZCLADORA-DE-COCINA-VERSALLES.pdf\">Ficha T\u00e9cnica<\/a><\/p>\n<p><span id=\"productTitle\" class=\"a-size-large product-title-word-break\">Mezcladora de cocina<\/span><\/p>\n","protected":false},"featured_media":1478,"comment_status":"open","ping_status":"closed","template":"","meta":{"om_disable_all_campaigns":false,"_uag_custom_page_level_css":"","_monsterinsights_skip_tracking":false,"_monsterinsights_sitenote_active":false,"_monsterinsights_sitenote_note":"","_monsterinsights_sitenote_category":0,"site-sidebar-layout":"default","site-content-layout":"","ast-site-content-layout":"default","site-content-style":"default","site-sidebar-style":"default","ast-global-header-display":"","ast-banner-title-visibility":"","ast-main-header-display":"","ast-hfb-above-header-display":"","ast-hfb-below-header-display":"","ast-hfb-mobile-header-display":"","site-post-title":"","ast-breadcrumbs-content":"","ast-featured-img":"","footer-sml-layout":"","theme-transparent-header-meta":"default","adv-header-id-meta":"","stick-header-meta":"","header-above-stick-meta":"","header-main-stick-meta":"","header-below-stick-meta":"","astra-migrate-meta-layouts":"set","_joinchat":[]},"product_brand":[],"product_cat":[23,22],"product_tag":[],"class_list":{"0":"post-953","1":"product","2":"type-product","3":"status-publish","4":"has-post-thumbnail","6":"product_cat-cocina","7":"product_cat-mezcladora","8":"desktop-align-center","9":"tablet-align-left","10":"mobile-align-left","12":"first","13":"instock","14":"taxable","15":"shipping-taxable","16":"purchasable","17":"product-type-simple"},"aioseo_notices":[],"uagb_featured_image_src":{"full":["https:\/\/griferiabeleau.com\/wp-content\/uploads\/2023\/10\/versalles_Mesa-de-trabajo-1-02-scaled.jpg",2048,2560,false],"thumbnail":["https:\/\/griferiabeleau.com\/wp-content\/uploads\/2023\/10\/versalles_Mesa-de-trabajo-1-02-150x150.jpg",150,150,true],"medium":["https:\/\/griferiabeleau.com\/wp-content\/uploads\/2023\/10\/versalles_Mesa-de-trabajo-1-02-240x300.jpg",240,300,true],"medium_large":["https:\/\/griferiabeleau.com\/wp-content\/uploads\/2023\/10\/versalles_Mesa-de-trabajo-1-02-768x960.jpg",768,960,true],"large":["https:\/\/griferiabeleau.com\/wp-content\/uploads\/2023\/10\/versalles_Mesa-de-trabajo-1-02-819x1024.jpg",819,1024,true],"1536x1536":["https:\/\/griferiabeleau.com\/wp-content\/uploads\/2023\/10\/versalles_Mesa-de-trabajo-1-02-1229x1536.jpg",1229,1536,true],"2048x2048":["https:\/\/griferiabeleau.com\/wp-content\/uploads\/2023\/10\/versalles_Mesa-de-trabajo-1-02-1639x2048.jpg",1639,2048,true],"mailpoet_newsletter_max":["https:\/\/griferiabeleau.com\/wp-content\/uploads\/2023\/10\/versalles_Mesa-de-trabajo-1-02-1320x1650.jpg",1320,1650,true],"woocommerce_thumbnail":["https:\/\/griferiabeleau.com\/wp-content\/uploads\/2023\/10\/versalles_Mesa-de-trabajo-1-02-scaled-300x375.jpg",300,375,true],"woocommerce_single":["https:\/\/griferiabeleau.com\/wp-content\/uploads\/2023\/10\/versalles_Mesa-de-trabajo-1-02-scaled-512x640.jpg",512,640,true],"woocommerce_gallery_thumbnail":["https:\/\/griferiabeleau.com\/wp-content\/uploads\/2023\/10\/versalles_Mesa-de-trabajo-1-02-scaled-100x100.jpg",100,100,true]},"uagb_author_info":{"display_name":"construcciones.relco","author_link":"https:\/\/griferiabeleau.com\/index.php\/author\/"},"uagb_comment_info":0,"uagb_excerpt":"Ficha T\u00e9cnica Mezcladora de cocina","jetpack_sharing_enabled":true,"_links":{"self":[{"href":"https:\/\/griferiabeleau.com\/index.php\/wp-json\/wp\/v2\/product\/953","targetHints":{"allow":["GET"]}}],"collection":[{"href":"https:\/\/griferiabeleau.com\/index.php\/wp-json\/wp\/v2\/product"}],"about":[{"href":"https:\/\/griferiabeleau.com\/index.php\/wp-json\/wp\/v2\/types\/product"}],"replies":[{"embeddable":true,"href":"https:\/\/griferiabeleau.com\/index.php\/wp-json\/wp\/v2\/comments?post=953"}],"wp:featuredmedia":[{"embeddable":true,"href":"https:\/\/griferiabeleau.com\/index.php\/wp-json\/wp\/v2\/media\/1478"}],"wp:attachment":[{"href":"https:\/\/griferiabeleau.com\/index.php\/wp-json\/wp\/v2\/media?parent=953"}],"wp:term":[{"taxonomy":"product_brand","embeddable":true,"href":"https:\/\/griferiabeleau.com\/index.php\/wp-json\/wp\/v2\/product_brand?post=953"},{"taxonomy":"product_cat","embeddable":true,"href":"https:\/\/griferiabeleau.com\/index.php\/wp-json\/wp\/v2\/product_cat?post=953"},{"taxonomy":"product_tag","embeddable":true,"href":"https:\/\/griferiabeleau.com\/index.php\/wp-json\/wp\/v2\/product_tag?post=953"}],"curies":[{"name":"wp","href":"https:\/\/api.w.org\/{rel}","templated":true}]}}