{"id":954,"date":"2023-10-02T16:41:31","date_gmt":"2023-10-02T14:41:31","guid":{"rendered":"https:\/\/griferiabeleau.com\/?post_type=product&#038;p=954"},"modified":"2024-07-16T23:31:28","modified_gmt":"2024-07-16T21:31:28","slug":"mezcladora-de-cocina-clain-gold","status":"publish","type":"product","link":"https:\/\/griferiabeleau.com\/index.php\/producto\/mezcladora-de-cocina-clain-gold\/","title":{"rendered":"MEZCLADORA DE COCINA CLAIN GOLD"},"content":{"rendered":"<ul class=\"a-unordered-list a-vertical a-spacing-mini\">\n<li class=\"a-spacing-mini\"><span class=\"a-list-item\">Multifunci\u00f3n: este nuevo grifo de fregadero con pulverizador proporciona una opci\u00f3n de un flujo aireado sin salpicaduras, un potente spray o pausa.<\/span><\/li>\n<li class=\"a-spacing-mini\"><span class=\"a-list-item\">F\u00e1cil de usar: el grifo negro cuenta con un solo control tanto del flujo de agua como de la temperatura. Tiene un arco alto con giro de 360 grados. La manguera del grifo de agua se extiende a un total de 24 pulgadas disponible para la operaci\u00f3n de rango del fregadero exterior.<\/span><\/li>\n<li class=\"a-spacing-mini\"><span class=\"a-list-item\">F\u00e1cil instalaci\u00f3n: todas las partes del grifo de cocina con pulverizador est\u00e1n preinstaladas. Todo lo que necesita la herramienta de instalaci\u00f3n es una llave ajustable para conectar la v\u00e1lvula de l\u00ednea de suministro. En la mayor\u00eda de los casos, 20 minutos son suficientes.<\/span><\/li>\n<\/ul>\n","protected":false},"excerpt":{"rendered":"<p><a class=\"mb-button mb-style-traditional mb-size-default mb-corners-default mb-text-style-default \" style=\"background-color: #2175bb;\" href=\"https:\/\/griferiabeleau.com\/wp-content\/uploads\/2024\/07\/FICHA-TECNICA-MEZCLADORA-DE-COCINA-CLAIN.pdf\">Ficha T\u00e9cnica<\/a><\/p>\n<p>Mezcladora de cocina<\/p>\n","protected":false},"featured_media":1679,"comment_status":"open","ping_status":"closed","template":"","meta":{"om_disable_all_campaigns":false,"_uag_custom_page_level_css":"","_monsterinsights_skip_tracking":false,"_monsterinsights_sitenote_active":false,"_monsterinsights_sitenote_note":"","_monsterinsights_sitenote_category":0,"site-sidebar-layout":"default","site-content-layout":"","ast-site-content-layout":"default","site-content-style":"default","site-sidebar-style":"default","ast-global-header-display":"","ast-banner-title-visibility":"","ast-main-header-display":"","ast-hfb-above-header-display":"","ast-hfb-below-header-display":"","ast-hfb-mobile-header-display":"","site-post-title":"","ast-breadcrumbs-content":"","ast-featured-img":"","footer-sml-layout":"","theme-transparent-header-meta":"default","adv-header-id-meta":"","stick-header-meta":"","header-above-stick-meta":"","header-main-stick-meta":"","header-below-stick-meta":"","astra-migrate-meta-layouts":"set","_joinchat":[]},"product_brand":[],"product_cat":[23,22],"product_tag":[],"class_list":{"0":"post-954","1":"product","2":"type-product","3":"status-publish","4":"has-post-thumbnail","6":"product_cat-cocina","7":"product_cat-mezcladora","8":"desktop-align-center","9":"tablet-align-left","10":"mobile-align-left","12":"first","13":"instock","14":"taxable","15":"shipping-taxable","16":"purchasable","17":"product-type-simple"},"aioseo_notices":[],"uagb_featured_image_src":{"full":["https:\/\/griferiabeleau.com\/wp-content\/uploads\/2024\/07\/Calin-dorado-web.jpg",1080,1350,false],"thumbnail":["https:\/\/griferiabeleau.com\/wp-content\/uploads\/2024\/07\/Calin-dorado-web-150x150.jpg",150,150,true],"medium":["https:\/\/griferiabeleau.com\/wp-content\/uploads\/2024\/07\/Calin-dorado-web-240x300.jpg",240,300,true],"medium_large":["https:\/\/griferiabeleau.com\/wp-content\/uploads\/2024\/07\/Calin-dorado-web-768x960.jpg",768,960,true],"large":["https:\/\/griferiabeleau.com\/wp-content\/uploads\/2024\/07\/Calin-dorado-web-819x1024.jpg",819,1024,true],"1536x1536":["https:\/\/griferiabeleau.com\/wp-content\/uploads\/2024\/07\/Calin-dorado-web.jpg",1080,1350,false],"2048x2048":["https:\/\/griferiabeleau.com\/wp-content\/uploads\/2024\/07\/Calin-dorado-web.jpg",1080,1350,false],"mailpoet_newsletter_max":["https:\/\/griferiabeleau.com\/wp-content\/uploads\/2024\/07\/Calin-dorado-web.jpg",1080,1350,false],"woocommerce_thumbnail":["https:\/\/griferiabeleau.com\/wp-content\/uploads\/2024\/07\/Calin-dorado-web-300x375.jpg",300,375,true],"woocommerce_single":["https:\/\/griferiabeleau.com\/wp-content\/uploads\/2024\/07\/Calin-dorado-web-512x640.jpg",512,640,true],"woocommerce_gallery_thumbnail":["https:\/\/griferiabeleau.com\/wp-content\/uploads\/2024\/07\/Calin-dorado-web-100x100.jpg",100,100,true]},"uagb_author_info":{"display_name":"construcciones.relco","author_link":"https:\/\/griferiabeleau.com\/index.php\/author\/"},"uagb_comment_info":0,"uagb_excerpt":"Ficha T\u00e9cnica Mezcladora de cocina","jetpack_sharing_enabled":true,"_links":{"self":[{"href":"https:\/\/griferiabeleau.com\/index.php\/wp-json\/wp\/v2\/product\/954","targetHints":{"allow":["GET"]}}],"collection":[{"href":"https:\/\/griferiabeleau.com\/index.php\/wp-json\/wp\/v2\/product"}],"about":[{"href":"https:\/\/griferiabeleau.com\/index.php\/wp-json\/wp\/v2\/types\/product"}],"replies":[{"embeddable":true,"href":"https:\/\/griferiabeleau.com\/index.php\/wp-json\/wp\/v2\/comments?post=954"}],"wp:featuredmedia":[{"embeddable":true,"href":"https:\/\/griferiabeleau.com\/index.php\/wp-json\/wp\/v2\/media\/1679"}],"wp:attachment":[{"href":"https:\/\/griferiabeleau.com\/index.php\/wp-json\/wp\/v2\/media?parent=954"}],"wp:term":[{"taxonomy":"product_brand","embeddable":true,"href":"https:\/\/griferiabeleau.com\/index.php\/wp-json\/wp\/v2\/product_brand?post=954"},{"taxonomy":"product_cat","embeddable":true,"href":"https:\/\/griferiabeleau.com\/index.php\/wp-json\/wp\/v2\/product_cat?post=954"},{"taxonomy":"product_tag","embeddable":true,"href":"https:\/\/griferiabeleau.com\/index.php\/wp-json\/wp\/v2\/product_tag?post=954"}],"curies":[{"name":"wp","href":"https:\/\/api.w.org\/{rel}","templated":true}]}}